{"id":1292,"date":"2025-04-15T14:21:32","date_gmt":"2025-04-15T12:21:32","guid":{"rendered":"https:\/\/swisscreditpartners.codexo.ch\/startseite"},"modified":"2026-04-14T10:05:37","modified_gmt":"2026-04-14T08:05:37","slug":"startseite","status":"publish","type":"page","link":"https:\/\/swisscreditpartners.com\/de\/","title":{"rendered":"Startseite"},"content":{"rendered":"\t\t<div data-elementor-type=\"wp-post\" data-elementor-id=\"1292\" class=\"elementor elementor-1292 elementor-11\" data-elementor-post-type=\"page\">\n\t\t\t\t<div class=\"elementor-element elementor-element-e7d8a17 e-flex e-con-boxed e-con e-parent\" data-id=\"e7d8a17\" data-element_type=\"container\" data-e-type=\"container\" data-settings=\"{&quot;background_background&quot;:&quot;classic&quot;}\">\n\t\t\t\t\t<div class=\"e-con-inner\">\n\t\t<div class=\"elementor-element elementor-element-e3d2d1f e-grid e-con-full e-con e-child\" data-id=\"e3d2d1f\" data-element_type=\"container\" data-e-type=\"container\">\n\t\t<div class=\"elementor-element elementor-element-1a2f523 e-con-full e-flex e-con e-child\" data-id=\"1a2f523\" data-element_type=\"container\" data-e-type=\"container\">\n\t\t\t\t<div class=\"elementor-element elementor-element-ced03c6 elementor-widget elementor-widget-text-editor\" data-id=\"ced03c6\" data-element_type=\"widget\" data-e-type=\"widget\" data-widget_type=\"text-editor.default\">\n\t\t\t\t<div class=\"elementor-widget-container\">\n\t\t\t\t\t\t\t\t\t<p>Der Markt f\u00fcr Unternehmensfinanzierungen, welcher traditionell von grossen Schweizer Banken dominiert wurde, durchl\u00e4uft derzeit einen strukturellen Wandel. Dieser Wandel f\u00fchrt zu einer wachsenden Nachfrage nach banken\u00e4hnlichen Finanzierungsl\u00f6sungen. Wir adressieren diese Situation mit einem innovativen Gesch\u00e4ftsmodell, einem erfahrenen Team und dem starken Commitment unserer Investoren und schaffen somit langfristigen Wert f\u00fcr unsere Kreditnehmer und Investoren gleichermassen.  <\/p>\t\t\t\t\t\t\t\t<\/div>\n\t\t\t\t<\/div>\n\t\t\t\t<\/div>\n\t\t<div class=\"elementor-element elementor-element-371c67c e-con-full e-flex e-con e-child\" data-id=\"371c67c\" data-element_type=\"container\" data-e-type=\"container\">\n\t\t\t\t<div class=\"elementor-element elementor-element-2eaadba elementor-widget elementor-widget-video\" data-id=\"2eaadba\" data-element_type=\"widget\" data-e-type=\"widget\" data-settings=\"{&quot;show_image_overlay&quot;:&quot;yes&quot;,&quot;image_overlay&quot;:{&quot;url&quot;:&quot;&quot;,&quot;id&quot;:&quot;&quot;,&quot;size&quot;:&quot;&quot;,&quot;alt&quot;:&quot;&quot;,&quot;source&quot;:&quot;library&quot;},&quot;video_type&quot;:&quot;hosted&quot;,&quot;controls&quot;:&quot;yes&quot;}\" data-widget_type=\"video.default\">\n\t\t\t\t<div class=\"elementor-widget-container\">\n\t\t\t\t\t\t\t<div class=\"e-hosted-video elementor-wrapper elementor-open-inline\">\n\t\t\t\t\t<video class=\"elementor-video\" src=\"https:\/\/swisscreditpartners.com\/wp-content\/uploads\/2025\/05\/SCP-DE-1.mp4\" controls=\"\" preload=\"metadata\" controlsList=\"nodownload\"><\/video>\n\t\t\t\t<\/div>\n\t\t\t\t\t\t<\/div>\n\t\t\t\t<\/div>\n\t\t\t\t<\/div>\n\t\t\t\t<\/div>\n\t\t<div class=\"elementor-element elementor-element-5a2e9a8 e-con-full e-grid e-con e-child\" data-id=\"5a2e9a8\" data-element_type=\"container\" data-e-type=\"container\">\n\t\t<div class=\"elementor-element elementor-element-a202e1a e-con-full e-flex e-con e-child\" data-id=\"a202e1a\" data-element_type=\"container\" data-e-type=\"container\">\n\t\t\t\t<div class=\"elementor-element elementor-element-882e2ee elementor-widget elementor-widget-heading\" data-id=\"882e2ee\" data-element_type=\"widget\" data-e-type=\"widget\" data-widget_type=\"heading.default\">\n\t\t\t\t<div class=\"elementor-widget-container\">\n\t\t\t\t\t<p class=\"elementor-heading-title elementor-size-default\">Bisher zugesagtes Investorenkapital<\/p>\t\t\t\t<\/div>\n\t\t\t\t<\/div>\n\t\t\t\t<div class=\"elementor-element elementor-element-1e6a0c5 elementor-widget elementor-widget-counter\" data-id=\"1e6a0c5\" data-element_type=\"widget\" data-e-type=\"widget\" data-widget_type=\"counter.default\">\n\t\t\t\t<div class=\"elementor-widget-container\">\n\t\t\t\t\t\t\t<div class=\"elementor-counter\">\n\t\t\t\t\t\t<div class=\"elementor-counter-number-wrapper\">\n\t\t\t\t<span class=\"elementor-counter-number-prefix\">CHF  <\/span>\n\t\t\t\t<span class=\"elementor-counter-number\" data-duration=\"4000\" data-to-value=\"1.2\" data-from-value=\"0.1\" data-delimiter=\",\">0.1<\/span>\n\t\t\t\t<span class=\"elementor-counter-number-suffix\"> Milliarden<\/span>\n\t\t\t<\/div>\n\t\t<\/div>\n\t\t\t\t\t\t<\/div>\n\t\t\t\t<\/div>\n\t\t\t\t<\/div>\n\t\t<div class=\"elementor-element elementor-element-f3f0307 e-con-full e-flex e-con e-child\" data-id=\"f3f0307\" data-element_type=\"container\" data-e-type=\"container\">\n\t\t\t\t<div class=\"elementor-element elementor-element-654387a elementor-widget elementor-widget-heading\" data-id=\"654387a\" data-element_type=\"widget\" data-e-type=\"widget\" data-widget_type=\"heading.default\">\n\t\t\t\t<div class=\"elementor-widget-container\">\n\t\t\t\t\t<p class=\"elementor-heading-title elementor-size-default\">Strategische Investoren<\/p>\t\t\t\t<\/div>\n\t\t\t\t<\/div>\n\t\t<div class=\"elementor-element elementor-element-afb7fe7 e-grid e-con-full e-con e-child\" data-id=\"afb7fe7\" data-element_type=\"container\" data-e-type=\"container\" data-settings=\"{&quot;background_background&quot;:&quot;classic&quot;}\">\n\t\t\t\t<div class=\"elementor-element elementor-element-1df90d8 elementor-widget elementor-widget-image\" data-id=\"1df90d8\" data-element_type=\"widget\" data-e-type=\"widget\" data-widget_type=\"image.default\">\n\t\t\t\t<div class=\"elementor-widget-container\">\n\t\t\t\t\t\t\t\t\t\t\t\t\t\t\t<img fetchpriority=\"high\" decoding=\"async\" width=\"1123\" height=\"348\" src=\"https:\/\/swisscreditpartners.com\/wp-content\/uploads\/2025\/05\/SL-Logo_New.png\" class=\"attachment-full size-full wp-image-1276\" alt=\"\" srcset=\"https:\/\/swisscreditpartners.com\/wp-content\/uploads\/2025\/05\/SL-Logo_New.png 1123w, https:\/\/swisscreditpartners.com\/wp-content\/uploads\/2025\/05\/SL-Logo_New-300x93.png 300w, https:\/\/swisscreditpartners.com\/wp-content\/uploads\/2025\/05\/SL-Logo_New-1024x317.png 1024w, https:\/\/swisscreditpartners.com\/wp-content\/uploads\/2025\/05\/SL-Logo_New-768x238.png 768w\" sizes=\"(max-width: 1123px) 100vw, 1123px\" \/>\t\t\t\t\t\t\t\t\t\t\t\t\t\t\t<\/div>\n\t\t\t\t<\/div>\n\t\t\t\t<div class=\"elementor-element elementor-element-961f9a9 elementor-widget elementor-widget-image\" data-id=\"961f9a9\" data-element_type=\"widget\" data-e-type=\"widget\" data-widget_type=\"image.default\">\n\t\t\t\t<div class=\"elementor-widget-container\">\n\t\t\t\t\t\t\t\t\t\t\t\t\t\t\t<img decoding=\"async\" width=\"624\" height=\"162\" src=\"https:\/\/swisscreditpartners.com\/wp-content\/uploads\/2025\/05\/vaudoise.png\" class=\"attachment-full size-full wp-image-1534\" alt=\"\" srcset=\"https:\/\/swisscreditpartners.com\/wp-content\/uploads\/2025\/05\/vaudoise.png 624w, https:\/\/swisscreditpartners.com\/wp-content\/uploads\/2025\/05\/vaudoise-300x78.png 300w\" sizes=\"(max-width: 624px) 100vw, 624px\" \/>\t\t\t\t\t\t\t\t\t\t\t\t\t\t\t<\/div>\n\t\t\t\t<\/div>\n\t\t\t\t<\/div>\n\t\t\t\t<\/div>\n\t\t\t\t<\/div>\n\t\t\t\t\t<\/div>\n\t\t\t\t<\/div>\n\t\t<div class=\"elementor-element elementor-element-06d06c6 e-grid e-con-boxed e-con e-parent\" data-id=\"06d06c6\" data-element_type=\"container\" data-e-type=\"container\" id=\"mission\">\n\t\t\t\t\t<div class=\"e-con-inner\">\n\t\t<div class=\"elementor-element elementor-element-ec57f1b e-con-full e-flex e-con e-child\" data-id=\"ec57f1b\" data-element_type=\"container\" data-e-type=\"container\">\n\t\t\t\t<div class=\"elementor-element elementor-element-ae1bc77 elementor-widget__width-initial elementor-widget elementor-widget-heading\" data-id=\"ae1bc77\" data-element_type=\"widget\" data-e-type=\"widget\" data-widget_type=\"heading.default\">\n\t\t\t\t<div class=\"elementor-widget-container\">\n\t\t\t\t\t<h2 class=\"elementor-heading-title elementor-size-default\">Unsere Mission<\/h2>\t\t\t\t<\/div>\n\t\t\t\t<\/div>\n\t\t\t\t<div class=\"elementor-element elementor-element-daa2865 elementor-widget__width-initial elementor-widget elementor-widget-text-editor\" data-id=\"daa2865\" data-element_type=\"widget\" data-e-type=\"widget\" data-widget_type=\"text-editor.default\">\n\t\t\t\t<div class=\"elementor-widget-container\">\n\t\t\t\t\t\t\t\t\t<p>Unsere Mission ist es, der bevorzugte Partner f\u00fcr Finanzierungsl\u00f6sungen f\u00fcr grosse und mittelgrosse Schweizer Unternehmen sowie Private Equity Sponsoren zu sein.<\/p><p>Dabei greifen wir auf unsere fundierte und langj\u00e4hrige Erfahrung in der Unternehmensfinanzierung in der Schweiz und im weiteren deutschsprachigen Raum zur\u00fcck. Wir wissen, dass der Finanzierungsbedarf jedes Unternehmens individuell ist. Unser Anspruch ist es, massgeschneiderte Finanzierungsl\u00f6sungen zu entwickeln, die unsere Kreditnehmer unterst\u00fctzen, ihre finanziellen Ziele zu erreichen \u2013 unter Einhaltung strikter Risikomanagement-Standards und stets im Einklang mit unserem angestrebten Risikoprofil. <\/p><p>Basierend auf dem soliden Fundament unserer strategischen Investoren (Kapitalzusagen von CHF 1,2 Mrd.) bauen wir unsere Basis institutioneller und professioneller Investoren kontinuierlich aus.<\/p>\t\t\t\t\t\t\t\t<\/div>\n\t\t\t\t<\/div>\n\t\t\t\t<\/div>\n\t\t\t\t<div class=\"elementor-element elementor-element-6e95b83 elementor-widget elementor-widget-image\" data-id=\"6e95b83\" data-element_type=\"widget\" data-e-type=\"widget\" data-widget_type=\"image.default\">\n\t\t\t\t<div class=\"elementor-widget-container\">\n\t\t\t\t\t\t\t\t\t\t\t\t\t\t\t<img decoding=\"async\" width=\"800\" height=\"790\" src=\"https:\/\/swisscreditpartners.com\/wp-content\/uploads\/2025\/04\/business-mode-swiss-credit-partners-1024x1011.png\" class=\"attachment-large size-large wp-image-1244\" alt=\"\" srcset=\"https:\/\/swisscreditpartners.com\/wp-content\/uploads\/2025\/04\/business-mode-swiss-credit-partners-1024x1011.png 1024w, https:\/\/swisscreditpartners.com\/wp-content\/uploads\/2025\/04\/business-mode-swiss-credit-partners-300x296.png 300w, https:\/\/swisscreditpartners.com\/wp-content\/uploads\/2025\/04\/business-mode-swiss-credit-partners-768x758.png 768w, https:\/\/swisscreditpartners.com\/wp-content\/uploads\/2025\/04\/business-mode-swiss-credit-partners.png 1506w\" sizes=\"(max-width: 800px) 100vw, 800px\" \/>\t\t\t\t\t\t\t\t\t\t\t\t\t\t\t<\/div>\n\t\t\t\t<\/div>\n\t\t\t\t\t<\/div>\n\t\t\t\t<\/div>\n\t\t<div class=\"elementor-element elementor-element-595dde0 e-grid e-con-boxed e-con e-parent\" data-id=\"595dde0\" data-element_type=\"container\" data-e-type=\"container\" id=\"esg\" data-settings=\"{&quot;background_background&quot;:&quot;classic&quot;}\">\n\t\t\t\t\t<div class=\"e-con-inner\">\n\t\t<div class=\"elementor-element elementor-element-431e104 e-con-full e-flex e-con e-child\" data-id=\"431e104\" data-element_type=\"container\" data-e-type=\"container\">\n\t\t\t\t<div class=\"elementor-element elementor-element-0abf6be elementor-widget elementor-widget-heading\" data-id=\"0abf6be\" data-element_type=\"widget\" data-e-type=\"widget\" data-widget_type=\"heading.default\">\n\t\t\t\t<div class=\"elementor-widget-container\">\n\t\t\t\t\t<h2 class=\"elementor-heading-title elementor-size-default\">ESG<\/h2>\t\t\t\t<\/div>\n\t\t\t\t<\/div>\n\t\t\t\t<div class=\"elementor-element elementor-element-849fed1 elementor-widget__width-initial elementor-widget elementor-widget-text-editor\" data-id=\"849fed1\" data-element_type=\"widget\" data-e-type=\"widget\" data-widget_type=\"text-editor.default\">\n\t\t\t\t<div class=\"elementor-widget-container\">\n\t\t\t\t\t\t\t\t\t<p>Bei Swiss Credit Partners ist nachhaltiges Investieren zentraler Bestandteil unseres langfristig ausgerichteten Investmentansatzes. Unsere Strategie ist so gestaltet, dass wir dauerhafte Werte schaffen und ESG-Risiken verantwortungsvoll steuern.<\/p><p>Umwelt-, Sozial- und Governance-Faktoren (ESG) sind nahtlos in unseren Investmentprozess integriert und bilden einen wesentlichen Bestandteil unserer Kreditpr\u00fcfung. Wir wenden vordefinierte ESG-Kriterien auf jede Investitionsm\u00f6glichkeit an und ber\u00fccksichtigen nur Transaktionen mit mindestens mittlerem ESG-Rating. Unsere Anlageentscheidungen orientieren sich an der SASB Materiality Map und beinhalten eine umfassende ESG-Due-Diligence.   <\/p><p>Unser Engagement f\u00fcr Nachhaltigkeit wird durch kontinuierliches Monitoring und transparente ESG-Berichterstattung zus\u00e4tzlich gest\u00e4rkt \u2013 im Sinne unserer Investoren und Stakeholder. <\/p>\t\t\t\t\t\t\t\t<\/div>\n\t\t\t\t<\/div>\n\t\t\t\t<\/div>\n\t\t<div class=\"elementor-element elementor-element-e9aabe1 e-con-full e-flex e-con e-child\" data-id=\"e9aabe1\" data-element_type=\"container\" data-e-type=\"container\">\n\t\t\t\t<div class=\"elementor-element elementor-element-4f012f6 elementor-widget elementor-widget-image\" data-id=\"4f012f6\" data-element_type=\"widget\" data-e-type=\"widget\" data-widget_type=\"image.default\">\n\t\t\t\t<div class=\"elementor-widget-container\">\n\t\t\t\t\t\t\t\t\t\t\t\t\t\t\t<img loading=\"lazy\" decoding=\"async\" width=\"590\" height=\"555\" src=\"https:\/\/swisscreditpartners.com\/wp-content\/uploads\/2025\/04\/Rectangle-5-e1745408199342.jpg\" class=\"attachment-large size-large wp-image-1170\" alt=\"\" srcset=\"https:\/\/swisscreditpartners.com\/wp-content\/uploads\/2025\/04\/Rectangle-5-e1745408199342.jpg 590w, https:\/\/swisscreditpartners.com\/wp-content\/uploads\/2025\/04\/Rectangle-5-e1745408199342-300x282.jpg 300w\" sizes=\"(max-width: 590px) 100vw, 590px\" \/>\t\t\t\t\t\t\t\t\t\t\t\t\t\t\t<\/div>\n\t\t\t\t<\/div>\n\t\t\t\t<\/div>\n\t\t\t\t\t<\/div>\n\t\t\t\t<\/div>\n\t\t\t\t<\/div>\n\t\t","protected":false},"excerpt":{"rendered":"<p>Der Markt f\u00fcr Unternehmensfinanzierungen, welcher traditionell von grossen Schweizer Banken dominiert wurde, durchl\u00e4uft derzeit einen strukturellen Wandel. Dieser Wandel f\u00fchrt zu einer wachsenden Nachfrage nach banken\u00e4hnlichen Finanzierungsl\u00f6sungen. Wir adressieren diese Situation mit einem innovativen Gesch\u00e4ftsmodell, einem erfahrenen Team und dem starken Commitment unserer Investoren und schaffen somit langfristigen Wert f\u00fcr unsere Kreditnehmer und Investoren gleichermassen. [&hellip;]<\/p>\n","protected":false},"author":1,"featured_media":0,"parent":0,"menu_order":0,"comment_status":"closed","ping_status":"closed","template":"","meta":{"_acf_changed":false,"footnotes":""},"class_list":["post-1292","page","type-page","status-publish","hentry"],"acf":[],"aioseo_notices":[],"_links":{"self":[{"href":"https:\/\/swisscreditpartners.com\/de\/wp-json\/wp\/v2\/pages\/1292","targetHints":{"allow":["GET"]}}],"collection":[{"href":"https:\/\/swisscreditpartners.com\/de\/wp-json\/wp\/v2\/pages"}],"about":[{"href":"https:\/\/swisscreditpartners.com\/de\/wp-json\/wp\/v2\/types\/page"}],"author":[{"embeddable":true,"href":"https:\/\/swisscreditpartners.com\/de\/wp-json\/wp\/v2\/users\/1"}],"replies":[{"embeddable":true,"href":"https:\/\/swisscreditpartners.com\/de\/wp-json\/wp\/v2\/comments?post=1292"}],"version-history":[{"count":40,"href":"https:\/\/swisscreditpartners.com\/de\/wp-json\/wp\/v2\/pages\/1292\/revisions"}],"predecessor-version":[{"id":2047,"href":"https:\/\/swisscreditpartners.com\/de\/wp-json\/wp\/v2\/pages\/1292\/revisions\/2047"}],"wp:attachment":[{"href":"https:\/\/swisscreditpartners.com\/de\/wp-json\/wp\/v2\/media?parent=1292"}],"curies":[{"name":"wp","href":"https:\/\/api.w.org\/{rel}","templated":true}]}}