{"id":1327,"date":"2025-04-17T14:53:38","date_gmt":"2025-04-17T12:53:38","guid":{"rendered":"https:\/\/swisscreditpartners.codexo.ch\/fuer-unternehmenskunden"},"modified":"2026-04-14T10:05:37","modified_gmt":"2026-04-14T08:05:37","slug":"fuer-unternehmenskunden","status":"publish","type":"page","link":"https:\/\/swisscreditpartners.com\/de\/fuer-unternehmenskunden\/","title":{"rendered":"F\u00fcr Unternehmenskunden"},"content":{"rendered":"\t\t<div data-elementor-type=\"wp-page\" data-elementor-id=\"1327\" class=\"elementor elementor-1327 elementor-199\" data-elementor-post-type=\"page\">\n\t\t\t\t<div class=\"elementor-element elementor-element-46a280e e-grid e-con-boxed e-con e-parent\" data-id=\"46a280e\" data-element_type=\"container\" data-e-type=\"container\" data-settings=\"{&quot;background_background&quot;:&quot;classic&quot;}\">\n\t\t\t\t\t<div class=\"e-con-inner\">\n\t\t<div class=\"elementor-element elementor-element-43294bf e-con-full e-flex e-con e-child\" data-id=\"43294bf\" data-element_type=\"container\" data-e-type=\"container\">\n\t\t\t\t<div class=\"elementor-element elementor-element-096a789 elementor-widget elementor-widget-heading\" data-id=\"096a789\" data-element_type=\"widget\" data-e-type=\"widget\" data-widget_type=\"heading.default\">\n\t\t\t\t<div class=\"elementor-widget-container\">\n\t\t\t\t\t<h1 class=\"elementor-heading-title elementor-size-default\">F\u00fcr Unternehmenskunden<\/h1>\t\t\t\t<\/div>\n\t\t\t\t<\/div>\n\t\t\t\t<\/div>\n\t\t<div class=\"elementor-element elementor-element-926cd73 e-con-full e-flex e-con e-child\" data-id=\"926cd73\" data-element_type=\"container\" data-e-type=\"container\">\n\t\t\t\t<div class=\"elementor-element elementor-element-af90bb5 elementor-widget elementor-widget-image\" data-id=\"af90bb5\" data-element_type=\"widget\" data-e-type=\"widget\" data-widget_type=\"image.default\">\n\t\t\t\t<div class=\"elementor-widget-container\">\n\t\t\t\t\t\t\t\t\t\t\t\t\t\t\t<img fetchpriority=\"high\" decoding=\"async\" width=\"800\" height=\"357\" src=\"https:\/\/swisscreditpartners.com\/wp-content\/uploads\/2025\/04\/smiling-businessman-senior-businesswoman-talking-factory-1024x457.jpg\" class=\"attachment-large size-large wp-image-1254\" alt=\"\" srcset=\"https:\/\/swisscreditpartners.com\/wp-content\/uploads\/2025\/04\/smiling-businessman-senior-businesswoman-talking-factory-1024x457.jpg 1024w, https:\/\/swisscreditpartners.com\/wp-content\/uploads\/2025\/04\/smiling-businessman-senior-businesswoman-talking-factory-300x134.jpg 300w, https:\/\/swisscreditpartners.com\/wp-content\/uploads\/2025\/04\/smiling-businessman-senior-businesswoman-talking-factory-768x343.jpg 768w, https:\/\/swisscreditpartners.com\/wp-content\/uploads\/2025\/04\/smiling-businessman-senior-businesswoman-talking-factory-1536x686.jpg 1536w, https:\/\/swisscreditpartners.com\/wp-content\/uploads\/2025\/04\/smiling-businessman-senior-businesswoman-talking-factory-2048x915.jpg 2048w\" sizes=\"(max-width: 800px) 100vw, 800px\" title=\"Smiling businessman and senior businesswoman talking in a factory - Swiss Credit Partners\" \/>\t\t\t\t\t\t\t\t\t\t\t\t\t\t\t<\/div>\n\t\t\t\t<\/div>\n\t\t\t\t<\/div>\n\t\t\t\t\t<\/div>\n\t\t\t\t<\/div>\n\t\t<div class=\"elementor-element elementor-element-c3e6892 e-flex e-con-boxed e-con e-parent\" data-id=\"c3e6892\" data-element_type=\"container\" data-e-type=\"container\">\n\t\t\t\t\t<div class=\"e-con-inner\">\n\t\t<div class=\"elementor-element elementor-element-289f502 e-grid e-con-full e-con e-child\" data-id=\"289f502\" data-element_type=\"container\" data-e-type=\"container\">\n\t\t<div class=\"elementor-element elementor-element-2388bf9 e-con-full e-flex e-con e-child\" data-id=\"2388bf9\" data-element_type=\"container\" data-e-type=\"container\">\n\t\t\t\t<div class=\"elementor-element elementor-element-db6427a elementor-widget elementor-widget-heading\" data-id=\"db6427a\" data-element_type=\"widget\" data-e-type=\"widget\" data-widget_type=\"heading.default\">\n\t\t\t\t<div class=\"elementor-widget-container\">\n\t\t\t\t\t<h2 class=\"elementor-heading-title elementor-size-default\">Angebotene Finanzierungsstrukturen<\/h2>\t\t\t\t<\/div>\n\t\t\t\t<\/div>\n\t\t\t\t<div class=\"elementor-element elementor-element-d5c9225 elementor-widget elementor-widget-text-editor\" data-id=\"d5c9225\" data-element_type=\"widget\" data-e-type=\"widget\" data-widget_type=\"text-editor.default\">\n\t\t\t\t<div class=\"elementor-widget-container\">\n\t\t\t\t\t\t\t\t\t<p>Wir streben langfristige Beziehungen zu unseren Firmenkunden an und sind bestrebt, die Entwicklung jedes Firmenkunden zu verfolgen, um Wachstum und Wohlstand zu erm\u00f6glichen.<\/p><p>Unser Fokus liegt auf vorrangigen, variabel verzinslichen Instrumenten, die durch starke Cashflows oder werthaltige Sicherheiten unterlegt sind. Wir wenden angemessene Kreditauflagen an und messen die Performance der Kredite \u00fcber die Laufzeit mit entsprechen Kennzahlen. Wir f\u00fchren eine fundierte Analyse des Unternehmens und des Finanzierungsvorhabens durch, um ein umfassendes Verst\u00e4ndnis zu gewinnen und eine passende, ganzheitliche Finanzierungsl\u00f6sung zu entwickeln. Unsere Kreditfazilit\u00e4ten werden vertraglich robust dokumentiert. Jedem Kreditnehmer wird von fedafin ein (nicht \u00f6ffentliches) Kreditrating zugewiesen, das mindestens der Kategorie B entspricht (typischerweise im Bereich BBB+ bis B). Kreditvolumen und -struktur richten sich nach der individuellen Situation.    <\/p><p>Je nach Finanzierungsbedarf und Kreditprofil k\u00f6nnen wir amortisierende oder nicht amortisierende Strukturen anbieten. Zielkunden sind Unternehmen mit einem Finanzierungsbedarf ab ca. CHF 20 Millionen. <\/p>\t\t\t\t\t\t\t\t<\/div>\n\t\t\t\t<\/div>\n\t\t\t\t<\/div>\n\t\t\t\t<\/div>\n\t\t<div class=\"elementor-element elementor-element-90984b3 e-con-full e-grid e-con e-child\" data-id=\"90984b3\" data-element_type=\"container\" data-e-type=\"container\">\n\t\t<div class=\"elementor-element elementor-element-90f1f7a e-con-full e-flex e-con e-child\" data-id=\"90f1f7a\" data-element_type=\"container\" data-e-type=\"container\">\n\t\t<div class=\"elementor-element elementor-element-3e461f3 e-grid e-con-full e-con e-child\" data-id=\"3e461f3\" data-element_type=\"container\" data-e-type=\"container\" data-settings=\"{&quot;background_background&quot;:&quot;classic&quot;}\">\n\t\t<div class=\"elementor-element elementor-element-5edfd8a e-con-full e-flex e-con e-child\" data-id=\"5edfd8a\" data-element_type=\"container\" data-e-type=\"container\" data-settings=\"{&quot;background_background&quot;:&quot;classic&quot;}\">\n\t\t\t\t<div class=\"elementor-element elementor-element-f121955 elementor-view-default elementor-widget elementor-widget-icon\" data-id=\"f121955\" data-element_type=\"widget\" data-e-type=\"widget\" data-widget_type=\"icon.default\">\n\t\t\t\t<div class=\"elementor-widget-container\">\n\t\t\t\t\t\t\t<div class=\"elementor-icon-wrapper\">\n\t\t\t<div class=\"elementor-icon\">\n\t\t\t<svg xmlns=\"http:\/\/www.w3.org\/2000\/svg\" width=\"40\" height=\"40\" viewBox=\"0 0 40 40\" fill=\"none\"><g clip-path=\"url(#clip0_630_6662)\"><path d=\"M29.3133 13.8067L30.485 14.99L20.42 24.96C19.615 25.7583 18.5517 26.1583 17.49 26.1583C16.435 26.1583 15.38 25.765 14.575 24.9767L9.51667 19.9917L10.685 18.805L15.7417 23.7883C16.71 24.735 18.2817 24.73 19.2483 23.7767L29.3133 13.8067ZM40 19.5C40 30.5283 31.0283 39.5 20 39.5C8.97167 39.5 0 30.5283 0 19.5C0 8.47167 8.97167 -0.5 20 -0.5C31.0283 -0.5 40 8.47167 40 19.5ZM38.3333 19.5C38.3333 9.39167 30.1083 1.16667 20 1.16667C9.89167 1.16667 1.66667 9.39167 1.66667 19.5C1.66667 29.6083 9.89167 37.8333 20 37.8333C30.1083 37.8333 38.3333 29.6083 38.3333 19.5Z\" fill=\"#002F4B\"><\/path><\/g><defs><clipPath id=\"clip0_630_6662\"><rect width=\"40\" height=\"40\" fill=\"white\"><\/rect><\/clipPath><\/defs><\/svg>\t\t\t<\/div>\n\t\t<\/div>\n\t\t\t\t\t\t<\/div>\n\t\t\t\t<\/div>\n\t\t\t\t<div class=\"elementor-element elementor-element-1dc2942 elementor-widget__width-inherit elementor-widget-mobile__width-initial elementor-widget elementor-widget-heading\" data-id=\"1dc2942\" data-element_type=\"widget\" data-e-type=\"widget\" data-widget_type=\"heading.default\">\n\t\t\t\t<div class=\"elementor-widget-container\">\n\t\t\t\t\t<h3 class=\"elementor-heading-title elementor-size-default\">Bilateral facilities<\/h3>\t\t\t\t<\/div>\n\t\t\t\t<\/div>\n\t\t\t\t<\/div>\n\t\t<div class=\"elementor-element elementor-element-87ad428 e-con-full e-flex e-con e-child\" data-id=\"87ad428\" data-element_type=\"container\" data-e-type=\"container\" data-settings=\"{&quot;background_background&quot;:&quot;classic&quot;}\">\n\t\t\t\t<div class=\"elementor-element elementor-element-03f8240 elementor-view-default elementor-widget elementor-widget-icon\" data-id=\"03f8240\" data-element_type=\"widget\" data-e-type=\"widget\" data-widget_type=\"icon.default\">\n\t\t\t\t<div class=\"elementor-widget-container\">\n\t\t\t\t\t\t\t<div class=\"elementor-icon-wrapper\">\n\t\t\t<div class=\"elementor-icon\">\n\t\t\t<svg xmlns=\"http:\/\/www.w3.org\/2000\/svg\" width=\"40\" height=\"40\" viewBox=\"0 0 40 40\" fill=\"none\"><g clip-path=\"url(#clip0_630_6662)\"><path d=\"M29.3133 13.8067L30.485 14.99L20.42 24.96C19.615 25.7583 18.5517 26.1583 17.49 26.1583C16.435 26.1583 15.38 25.765 14.575 24.9767L9.51667 19.9917L10.685 18.805L15.7417 23.7883C16.71 24.735 18.2817 24.73 19.2483 23.7767L29.3133 13.8067ZM40 19.5C40 30.5283 31.0283 39.5 20 39.5C8.97167 39.5 0 30.5283 0 19.5C0 8.47167 8.97167 -0.5 20 -0.5C31.0283 -0.5 40 8.47167 40 19.5ZM38.3333 19.5C38.3333 9.39167 30.1083 1.16667 20 1.16667C9.89167 1.16667 1.66667 9.39167 1.66667 19.5C1.66667 29.6083 9.89167 37.8333 20 37.8333C30.1083 37.8333 38.3333 29.6083 38.3333 19.5Z\" fill=\"#002F4B\"><\/path><\/g><defs><clipPath id=\"clip0_630_6662\"><rect width=\"40\" height=\"40\" fill=\"white\"><\/rect><\/clipPath><\/defs><\/svg>\t\t\t<\/div>\n\t\t<\/div>\n\t\t\t\t\t\t<\/div>\n\t\t\t\t<\/div>\n\t\t\t\t<div class=\"elementor-element elementor-element-bf7dee7 elementor-widget__width-inherit elementor-widget-mobile__width-initial elementor-widget elementor-widget-heading\" data-id=\"bf7dee7\" data-element_type=\"widget\" data-e-type=\"widget\" data-widget_type=\"heading.default\">\n\t\t\t\t<div class=\"elementor-widget-container\">\n\t\t\t\t\t<h3 class=\"elementor-heading-title elementor-size-default\">Syndicated loans (best-effort)<\/h3>\t\t\t\t<\/div>\n\t\t\t\t<\/div>\n\t\t\t\t<\/div>\n\t\t<div class=\"elementor-element elementor-element-fdfcdba e-con-full e-flex e-con e-child\" data-id=\"fdfcdba\" data-element_type=\"container\" data-e-type=\"container\" data-settings=\"{&quot;background_background&quot;:&quot;classic&quot;}\">\n\t\t\t\t<div class=\"elementor-element elementor-element-38fd7ea elementor-view-default elementor-widget elementor-widget-icon\" data-id=\"38fd7ea\" data-element_type=\"widget\" data-e-type=\"widget\" data-widget_type=\"icon.default\">\n\t\t\t\t<div class=\"elementor-widget-container\">\n\t\t\t\t\t\t\t<div class=\"elementor-icon-wrapper\">\n\t\t\t<div class=\"elementor-icon\">\n\t\t\t<svg xmlns=\"http:\/\/www.w3.org\/2000\/svg\" width=\"40\" height=\"40\" viewBox=\"0 0 40 40\" fill=\"none\"><g clip-path=\"url(#clip0_630_6662)\"><path d=\"M29.3133 13.8067L30.485 14.99L20.42 24.96C19.615 25.7583 18.5517 26.1583 17.49 26.1583C16.435 26.1583 15.38 25.765 14.575 24.9767L9.51667 19.9917L10.685 18.805L15.7417 23.7883C16.71 24.735 18.2817 24.73 19.2483 23.7767L29.3133 13.8067ZM40 19.5C40 30.5283 31.0283 39.5 20 39.5C8.97167 39.5 0 30.5283 0 19.5C0 8.47167 8.97167 -0.5 20 -0.5C31.0283 -0.5 40 8.47167 40 19.5ZM38.3333 19.5C38.3333 9.39167 30.1083 1.16667 20 1.16667C9.89167 1.16667 1.66667 9.39167 1.66667 19.5C1.66667 29.6083 9.89167 37.8333 20 37.8333C30.1083 37.8333 38.3333 29.6083 38.3333 19.5Z\" fill=\"#002F4B\"><\/path><\/g><defs><clipPath id=\"clip0_630_6662\"><rect width=\"40\" height=\"40\" fill=\"white\"><\/rect><\/clipPath><\/defs><\/svg>\t\t\t<\/div>\n\t\t<\/div>\n\t\t\t\t\t\t<\/div>\n\t\t\t\t<\/div>\n\t\t\t\t<div class=\"elementor-element elementor-element-123cf9a elementor-widget__width-inherit elementor-widget-mobile__width-initial elementor-widget elementor-widget-heading\" data-id=\"123cf9a\" data-element_type=\"widget\" data-e-type=\"widget\" data-widget_type=\"heading.default\">\n\t\t\t\t<div class=\"elementor-widget-container\">\n\t\t\t\t\t<h3 class=\"elementor-heading-title elementor-size-default\">Club deals<\/h3>\t\t\t\t<\/div>\n\t\t\t\t<\/div>\n\t\t\t\t<\/div>\n\t\t<div class=\"elementor-element elementor-element-e262e55 e-con-full e-flex e-con e-child\" data-id=\"e262e55\" data-element_type=\"container\" data-e-type=\"container\" data-settings=\"{&quot;background_background&quot;:&quot;classic&quot;}\">\n\t\t\t\t<div class=\"elementor-element elementor-element-fa8afa8 elementor-view-default elementor-widget elementor-widget-icon\" data-id=\"fa8afa8\" data-element_type=\"widget\" data-e-type=\"widget\" data-widget_type=\"icon.default\">\n\t\t\t\t<div class=\"elementor-widget-container\">\n\t\t\t\t\t\t\t<div class=\"elementor-icon-wrapper\">\n\t\t\t<div class=\"elementor-icon\">\n\t\t\t<svg xmlns=\"http:\/\/www.w3.org\/2000\/svg\" width=\"40\" height=\"40\" viewBox=\"0 0 40 40\" fill=\"none\"><g clip-path=\"url(#clip0_630_6662)\"><path d=\"M29.3133 13.8067L30.485 14.99L20.42 24.96C19.615 25.7583 18.5517 26.1583 17.49 26.1583C16.435 26.1583 15.38 25.765 14.575 24.9767L9.51667 19.9917L10.685 18.805L15.7417 23.7883C16.71 24.735 18.2817 24.73 19.2483 23.7767L29.3133 13.8067ZM40 19.5C40 30.5283 31.0283 39.5 20 39.5C8.97167 39.5 0 30.5283 0 19.5C0 8.47167 8.97167 -0.5 20 -0.5C31.0283 -0.5 40 8.47167 40 19.5ZM38.3333 19.5C38.3333 9.39167 30.1083 1.16667 20 1.16667C9.89167 1.16667 1.66667 9.39167 1.66667 19.5C1.66667 29.6083 9.89167 37.8333 20 37.8333C30.1083 37.8333 38.3333 29.6083 38.3333 19.5Z\" fill=\"#002F4B\"><\/path><\/g><defs><clipPath id=\"clip0_630_6662\"><rect width=\"40\" height=\"40\" fill=\"white\"><\/rect><\/clipPath><\/defs><\/svg>\t\t\t<\/div>\n\t\t<\/div>\n\t\t\t\t\t\t<\/div>\n\t\t\t\t<\/div>\n\t\t\t\t<div class=\"elementor-element elementor-element-9167d11 elementor-widget__width-inherit elementor-widget-mobile__width-initial elementor-widget elementor-widget-heading\" data-id=\"9167d11\" data-element_type=\"widget\" data-e-type=\"widget\" data-widget_type=\"heading.default\">\n\t\t\t\t<div class=\"elementor-widget-container\">\n\t\t\t\t\t<h3 class=\"elementor-heading-title elementor-size-default\">Syndicated loans (underwriting)<\/h3>\t\t\t\t<\/div>\n\t\t\t\t<\/div>\n\t\t\t\t<\/div>\n\t\t\t\t<\/div>\n\t\t\t\t<\/div>\n\t\t\t\t<\/div>\n\t\t\t\t\t<\/div>\n\t\t\t\t<\/div>\n\t\t\t\t<\/div>\n\t\t","protected":false},"excerpt":{"rendered":"<p>F\u00fcr Unternehmenskunden Angebotene Finanzierungsstrukturen Wir streben langfristige Beziehungen zu unseren Firmenkunden an und sind bestrebt, die Entwicklung jedes Firmenkunden zu verfolgen, um Wachstum und Wohlstand zu erm\u00f6glichen. Unser Fokus liegt auf vorrangigen, variabel verzinslichen Instrumenten, die durch starke Cashflows oder werthaltige Sicherheiten unterlegt sind. Wir wenden angemessene Kreditauflagen an und messen die Performance der Kredite [&hellip;]<\/p>\n","protected":false},"author":1,"featured_media":0,"parent":0,"menu_order":0,"comment_status":"closed","ping_status":"closed","template":"","meta":{"_acf_changed":false,"footnotes":""},"class_list":["post-1327","page","type-page","status-publish","hentry"],"acf":[],"aioseo_notices":[],"_links":{"self":[{"href":"https:\/\/swisscreditpartners.com\/de\/wp-json\/wp\/v2\/pages\/1327","targetHints":{"allow":["GET"]}}],"collection":[{"href":"https:\/\/swisscreditpartners.com\/de\/wp-json\/wp\/v2\/pages"}],"about":[{"href":"https:\/\/swisscreditpartners.com\/de\/wp-json\/wp\/v2\/types\/page"}],"author":[{"embeddable":true,"href":"https:\/\/swisscreditpartners.com\/de\/wp-json\/wp\/v2\/users\/1"}],"replies":[{"embeddable":true,"href":"https:\/\/swisscreditpartners.com\/de\/wp-json\/wp\/v2\/comments?post=1327"}],"version-history":[{"count":6,"href":"https:\/\/swisscreditpartners.com\/de\/wp-json\/wp\/v2\/pages\/1327\/revisions"}],"predecessor-version":[{"id":1728,"href":"https:\/\/swisscreditpartners.com\/de\/wp-json\/wp\/v2\/pages\/1327\/revisions\/1728"}],"wp:attachment":[{"href":"https:\/\/swisscreditpartners.com\/de\/wp-json\/wp\/v2\/media?parent=1327"}],"curies":[{"name":"wp","href":"https:\/\/api.w.org\/{rel}","templated":true}]}}