{"id":1333,"date":"2025-04-17T11:49:57","date_gmt":"2025-04-17T09:49:57","guid":{"rendered":"https:\/\/swisscreditpartners.codexo.ch\/institutionelle-und-professionelle-investoren"},"modified":"2026-04-14T10:05:37","modified_gmt":"2026-04-14T08:05:37","slug":"institutionelle-und-professionelle-investoren","status":"publish","type":"page","link":"https:\/\/swisscreditpartners.com\/de\/institutionelle-und-professionelle-investoren\/","title":{"rendered":"Institutionelle und professionelle Investoren"},"content":{"rendered":"\t\t<div data-elementor-type=\"wp-page\" data-elementor-id=\"1333\" class=\"elementor elementor-1333 elementor-162\" data-elementor-post-type=\"page\">\n\t\t\t\t<div class=\"elementor-element elementor-element-207c7a0 e-flex e-con-boxed e-con e-parent\" data-id=\"207c7a0\" data-element_type=\"container\" data-e-type=\"container\">\n\t\t\t\t\t<div class=\"e-con-inner\">\n\t\t<div class=\"elementor-element elementor-element-2280030 e-grid e-con-full e-con e-child\" data-id=\"2280030\" data-element_type=\"container\" data-e-type=\"container\">\n\t\t<div class=\"elementor-element elementor-element-0502120 e-con-full e-flex e-con e-child\" data-id=\"0502120\" data-element_type=\"container\" data-e-type=\"container\">\n\t\t\t\t<div class=\"elementor-element elementor-element-81660ad elementor-widget elementor-widget-heading\" data-id=\"81660ad\" data-element_type=\"widget\" data-e-type=\"widget\" data-widget_type=\"heading.default\">\n\t\t\t\t<div class=\"elementor-widget-container\">\n\t\t\t\t\t<h1 class=\"elementor-heading-title elementor-size-default\">Institutionelle und professionelle Investoren<\/h1>\t\t\t\t<\/div>\n\t\t\t\t<\/div>\n\t\t\t\t<div class=\"elementor-element elementor-element-219da80 elementor-widget elementor-widget-text-editor\" data-id=\"219da80\" data-element_type=\"widget\" data-e-type=\"widget\" data-widget_type=\"text-editor.default\">\n\t\t\t\t<div class=\"elementor-widget-container\">\n\t\t\t\t\t\t\t\t\t<p>Swiss Credit Partners ist ein von der FINMA lizenzierter Verwalter von Kollektivverm\u00f6gen. \u00dcber unseren offenen SCP Senior Loan Fund bieten wir institutionellen und professionellen Investoren eine einzigartige Anlagem\u00f6glichkeit im Bereich alternativer Fixed-Income-Investments \u2013 vorwiegend in Form von Krediten an Schweizer Unternehmen.  <\/p><p>Als Asset Manager des SCP Senior Loan Funds identifizieren wir geeignete Kreditopportunit\u00e4ten. Diese bewerten und analysieren wir systematisch im Dialog mit dem Kreditnehmer. Dabei setzen wir auf unsere langj\u00e4hrige Expertise und ein konsequentes Risikomanagement, strukturieren individuelle Kreditl\u00f6sungen, f\u00fchren Vertragsverhandlungen, organisieren die erforderliche Dokumentation und \u00fcbernehmen die laufende Kreditadministration. <\/p><p>W\u00e4hrend der gesamten Kreditlaufzeit pflegen wir einen stetigen Austausch mit dem Kreditnehmer. Ebenso legen wir grossen Wert auf eine enge Zusammenarbeit mit unseren Investoren und bieten einen umfassenden Einblick in das kontinuierliche Portfoliomanagement, welches ein aussagekr\u00e4ftiges Reporting beinhaltet. <\/p>\t\t\t\t\t\t\t\t<\/div>\n\t\t\t\t<\/div>\n\t\t\t\t<\/div>\n\t\t\t\t<\/div>\n\t\t<div class=\"elementor-element elementor-element-2304864 e-con-full e-grid e-con e-child\" data-id=\"2304864\" data-element_type=\"container\" data-e-type=\"container\">\n\t\t<div class=\"elementor-element elementor-element-2e6dc51 e-con-full e-flex e-con e-child\" data-id=\"2e6dc51\" data-element_type=\"container\" data-e-type=\"container\">\n\t\t\t\t<div class=\"elementor-element elementor-element-8e1596f elementor-widget elementor-widget-heading\" data-id=\"8e1596f\" data-element_type=\"widget\" data-e-type=\"widget\" data-widget_type=\"heading.default\">\n\t\t\t\t<div class=\"elementor-widget-container\">\n\t\t\t\t\t<h2 class=\"elementor-heading-title elementor-size-default\">Was unsere strategischen Investoren sagen<\/h2>\t\t\t\t<\/div>\n\t\t\t\t<\/div>\n\t\t<div class=\"elementor-element elementor-element-14af6d6 e-grid e-con-full e-con e-child\" data-id=\"14af6d6\" data-element_type=\"container\" data-e-type=\"container\" data-settings=\"{&quot;background_background&quot;:&quot;classic&quot;}\">\n\t\t<div class=\"elementor-element elementor-element-0cde8c0 e-con-full e-flex e-con e-child\" data-id=\"0cde8c0\" data-element_type=\"container\" data-e-type=\"container\" data-settings=\"{&quot;background_background&quot;:&quot;classic&quot;}\">\n\t\t\t\t<div class=\"elementor-element elementor-element-25139ea elementor-widget elementor-widget-text-editor\" data-id=\"25139ea\" data-element_type=\"widget\" data-e-type=\"widget\" data-widget_type=\"text-editor.default\">\n\t\t\t\t<div class=\"elementor-widget-container\">\n\t\t\t\t\t\t\t\t\t<p><i>&#8222;Wir freuen uns auf die Zusammenarbeit mit Swiss Credit Partners und Vaudoise. Damit erschliessen wir weitere attraktive Anlagem\u00f6glichkeiten zugunsten unserer Versicherten. Zudem erweitert diese Initiative das Angebot an Finanzierungen, was auch zur St\u00e4rkung des Wirtschaftsstandorts Schweiz beitr\u00e4gt.&#8220;<\/i><\/p><p>Per Erikson, Group Chief Investment Officer Swiss Life<\/p>\t\t\t\t\t\t\t\t<\/div>\n\t\t\t\t<\/div>\n\t\t\t\t<div class=\"elementor-element elementor-element-55d48de elementor-widget elementor-widget-image\" data-id=\"55d48de\" data-element_type=\"widget\" data-e-type=\"widget\" data-widget_type=\"image.default\">\n\t\t\t\t<div class=\"elementor-widget-container\">\n\t\t\t\t\t\t\t\t\t\t\t\t\t\t\t<img fetchpriority=\"high\" decoding=\"async\" width=\"1123\" height=\"348\" src=\"https:\/\/swisscreditpartners.com\/wp-content\/uploads\/2025\/05\/SL-Logo.png\" class=\"attachment-full size-full wp-image-1270\" alt=\"\" srcset=\"https:\/\/swisscreditpartners.com\/wp-content\/uploads\/2025\/05\/SL-Logo.png 1123w, https:\/\/swisscreditpartners.com\/wp-content\/uploads\/2025\/05\/SL-Logo-300x93.png 300w, https:\/\/swisscreditpartners.com\/wp-content\/uploads\/2025\/05\/SL-Logo-1024x317.png 1024w, https:\/\/swisscreditpartners.com\/wp-content\/uploads\/2025\/05\/SL-Logo-768x238.png 768w\" sizes=\"(max-width: 1123px) 100vw, 1123px\" title=\"SL-Logo - Swiss Credit Partners\" \/>\t\t\t\t\t\t\t\t\t\t\t\t\t\t\t<\/div>\n\t\t\t\t<\/div>\n\t\t\t\t<\/div>\n\t\t<div class=\"elementor-element elementor-element-017f803 e-con-full e-flex e-con e-child\" data-id=\"017f803\" data-element_type=\"container\" data-e-type=\"container\" data-settings=\"{&quot;background_background&quot;:&quot;classic&quot;}\">\n\t\t\t\t<div class=\"elementor-element elementor-element-5bb8ca5 elementor-widget elementor-widget-text-editor\" data-id=\"5bb8ca5\" data-element_type=\"widget\" data-e-type=\"widget\" data-widget_type=\"text-editor.default\">\n\t\t\t\t<div class=\"elementor-widget-container\">\n\t\t\t\t\t\t\t\t\t<p><em>&#8222;Wir freuen uns, gemeinsam mit Swiss Credit Partners und Swiss Life diesen wichtigen Beitrag zur St\u00e4rkung des Schweizer Finanzmarktes mit einem Angebot zu leisten, das den Anlagebed\u00fcrfnissen der Vaudoise perfekt entspricht.&#8220;<\/em><\/p><p>Reto Kuhn, Chief Investment Officer Vaudoise Versicherungen<\/p>\t\t\t\t\t\t\t\t<\/div>\n\t\t\t\t<\/div>\n\t\t\t\t<div class=\"elementor-element elementor-element-765dde3 elementor-widget elementor-widget-image\" data-id=\"765dde3\" data-element_type=\"widget\" data-e-type=\"widget\" data-widget_type=\"image.default\">\n\t\t\t\t<div class=\"elementor-widget-container\">\n\t\t\t\t\t\t\t\t\t\t\t\t\t\t\t<img decoding=\"async\" width=\"624\" height=\"162\" src=\"https:\/\/swisscreditpartners.com\/wp-content\/uploads\/2025\/05\/vaudoise.png\" class=\"attachment-full size-full wp-image-1534\" alt=\"\" srcset=\"https:\/\/swisscreditpartners.com\/wp-content\/uploads\/2025\/05\/vaudoise.png 624w, https:\/\/swisscreditpartners.com\/wp-content\/uploads\/2025\/05\/vaudoise-300x78.png 300w\" sizes=\"(max-width: 624px) 100vw, 624px\" title=\"vaudoise - Swiss Credit Partners\" \/>\t\t\t\t\t\t\t\t\t\t\t\t\t\t\t<\/div>\n\t\t\t\t<\/div>\n\t\t\t\t<\/div>\n\t\t\t\t<\/div>\n\t\t\t\t<\/div>\n\t\t\t\t<\/div>\n\t\t\t\t\t<\/div>\n\t\t\t\t<\/div>\n\t\t<div class=\"elementor-element elementor-element-9c38d15 e-grid e-con-boxed e-con e-parent\" data-id=\"9c38d15\" data-element_type=\"container\" data-e-type=\"container\" data-settings=\"{&quot;background_background&quot;:&quot;classic&quot;}\">\n\t\t\t\t\t<div class=\"e-con-inner\">\n\t\t<div class=\"elementor-element elementor-element-fcedd2c e-flex e-con-boxed e-con e-child\" data-id=\"fcedd2c\" data-element_type=\"container\" data-e-type=\"container\" data-settings=\"{&quot;background_background&quot;:&quot;classic&quot;}\">\n\t\t\t\t\t<div class=\"e-con-inner\">\n\t\t\t\t<div class=\"elementor-element elementor-element-dba5c0e elementor-widget elementor-widget-text-editor\" data-id=\"dba5c0e\" data-element_type=\"widget\" data-e-type=\"widget\" data-widget_type=\"text-editor.default\">\n\t\t\t\t<div class=\"elementor-widget-container\">\n\t\t\t\t\t\t\t\t\t<p>Gest\u00fctzt auf dem starken Engagement unserer strategischen Investoren bauen wir unsere Basis institutioneller und professioneller Investoren stetig weiter aus. F\u00fcr weiterf\u00fchrende Informationen stehen wir Ihnen gerne zur Verf\u00fcgung.<\/p>\t\t\t\t\t\t\t\t<\/div>\n\t\t\t\t<\/div>\n\t\t\t\t<div class=\"elementor-element elementor-element-53f03fb elementor-widget elementor-widget-button\" data-id=\"53f03fb\" data-element_type=\"widget\" data-e-type=\"widget\" data-widget_type=\"button.default\">\n\t\t\t\t<div class=\"elementor-widget-container\">\n\t\t\t\t\t\t\t\t\t<div class=\"elementor-button-wrapper\">\n\t\t\t\t\t<a class=\"elementor-button elementor-button-link elementor-size-sm\" href=\"https:\/\/swisscreditpartners.com\/de\/kontakt\/\">\n\t\t\t\t\t\t<span class=\"elementor-button-content-wrapper\">\n\t\t\t\t\t\t\t\t\t<span class=\"elementor-button-text\">Kontaktieren Sie uns!<\/span>\n\t\t\t\t\t<\/span>\n\t\t\t\t\t<\/a>\n\t\t\t\t<\/div>\n\t\t\t\t\t\t\t\t<\/div>\n\t\t\t\t<\/div>\n\t\t\t\t\t<\/div>\n\t\t\t\t<\/div>\n\t\t<div class=\"elementor-element elementor-element-b8235a6 e-con-full e-flex e-con e-child\" data-id=\"b8235a6\" data-element_type=\"container\" data-e-type=\"container\">\n\t\t\t\t<div class=\"elementor-element elementor-element-53554b7 elementor-widget elementor-widget-image\" data-id=\"53554b7\" data-element_type=\"widget\" data-e-type=\"widget\" data-widget_type=\"image.default\">\n\t\t\t\t<div class=\"elementor-widget-container\">\n\t\t\t\t\t\t\t\t\t\t\t\t\t\t\t<img decoding=\"async\" width=\"2560\" height=\"1438\" src=\"https:\/\/swisscreditpartners.com\/wp-content\/uploads\/2025\/04\/data-analyst-working-business-analytics-dashboard-with-charts-with-kpi-metrics-connected-database-technology-finance-operations-sales-marketing-scaled-e1745941102426.jpg\" class=\"attachment-full size-full wp-image-1252\" alt=\"\" srcset=\"https:\/\/swisscreditpartners.com\/wp-content\/uploads\/2025\/04\/data-analyst-working-business-analytics-dashboard-with-charts-with-kpi-metrics-connected-database-technology-finance-operations-sales-marketing-scaled-e1745941102426.jpg 2560w, https:\/\/swisscreditpartners.com\/wp-content\/uploads\/2025\/04\/data-analyst-working-business-analytics-dashboard-with-charts-with-kpi-metrics-connected-database-technology-finance-operations-sales-marketing-scaled-e1745941102426-300x169.jpg 300w, https:\/\/swisscreditpartners.com\/wp-content\/uploads\/2025\/04\/data-analyst-working-business-analytics-dashboard-with-charts-with-kpi-metrics-connected-database-technology-finance-operations-sales-marketing-scaled-e1745941102426-1024x575.jpg 1024w, https:\/\/swisscreditpartners.com\/wp-content\/uploads\/2025\/04\/data-analyst-working-business-analytics-dashboard-with-charts-with-kpi-metrics-connected-database-technology-finance-operations-sales-marketing-scaled-e1745941102426-768x431.jpg 768w, https:\/\/swisscreditpartners.com\/wp-content\/uploads\/2025\/04\/data-analyst-working-business-analytics-dashboard-with-charts-with-kpi-metrics-connected-database-technology-finance-operations-sales-marketing-scaled-e1745941102426-1536x863.jpg 1536w, https:\/\/swisscreditpartners.com\/wp-content\/uploads\/2025\/04\/data-analyst-working-business-analytics-dashboard-with-charts-with-kpi-metrics-connected-database-technology-finance-operations-sales-marketing-scaled-e1745941102426-2048x1150.jpg 2048w\" sizes=\"(max-width: 2560px) 100vw, 2560px\" title=\"data-analyst-working-business-analytics-dashboard-with-charts-with-kpi-metrics-connected-database-technology-finance-operations-sales-marketing - Swiss Credit Partners\" \/>\t\t\t\t\t\t\t\t\t\t\t\t\t\t\t<\/div>\n\t\t\t\t<\/div>\n\t\t\t\t<\/div>\n\t\t\t\t\t<\/div>\n\t\t\t\t<\/div>\n\t\t\t\t<\/div>\n\t\t","protected":false},"excerpt":{"rendered":"<p>Institutionelle und professionelle Investoren Swiss Credit Partners ist ein von der FINMA lizenzierter Verwalter von Kollektivverm\u00f6gen. \u00dcber unseren offenen SCP Senior Loan Fund bieten wir institutionellen und professionellen Investoren eine einzigartige Anlagem\u00f6glichkeit im Bereich alternativer Fixed-Income-Investments \u2013 vorwiegend in Form von Krediten an Schweizer Unternehmen. Als Asset Manager des SCP Senior Loan Funds identifizieren wir [&hellip;]<\/p>\n","protected":false},"author":1,"featured_media":0,"parent":0,"menu_order":0,"comment_status":"closed","ping_status":"closed","template":"","meta":{"_acf_changed":false,"footnotes":""},"class_list":["post-1333","page","type-page","status-publish","hentry"],"acf":[],"aioseo_notices":[],"_links":{"self":[{"href":"https:\/\/swisscreditpartners.com\/de\/wp-json\/wp\/v2\/pages\/1333","targetHints":{"allow":["GET"]}}],"collection":[{"href":"https:\/\/swisscreditpartners.com\/de\/wp-json\/wp\/v2\/pages"}],"about":[{"href":"https:\/\/swisscreditpartners.com\/de\/wp-json\/wp\/v2\/types\/page"}],"author":[{"embeddable":true,"href":"https:\/\/swisscreditpartners.com\/de\/wp-json\/wp\/v2\/users\/1"}],"replies":[{"embeddable":true,"href":"https:\/\/swisscreditpartners.com\/de\/wp-json\/wp\/v2\/comments?post=1333"}],"version-history":[{"count":9,"href":"https:\/\/swisscreditpartners.com\/de\/wp-json\/wp\/v2\/pages\/1333\/revisions"}],"predecessor-version":[{"id":2070,"href":"https:\/\/swisscreditpartners.com\/de\/wp-json\/wp\/v2\/pages\/1333\/revisions\/2070"}],"wp:attachment":[{"href":"https:\/\/swisscreditpartners.com\/de\/wp-json\/wp\/v2\/media?parent=1333"}],"curies":[{"name":"wp","href":"https:\/\/api.w.org\/{rel}","templated":true}]}}