{"id":1286,"date":"2025-04-15T14:21:32","date_gmt":"2025-04-15T12:21:32","guid":{"rendered":"https:\/\/swisscreditpartners.codexo.ch\/startseite"},"modified":"2025-07-08T21:13:23","modified_gmt":"2025-07-08T19:13:23","slug":"startseite","status":"publish","type":"page","link":"https:\/\/swisscreditpartners.com\/fr\/","title":{"rendered":"Startseite"},"content":{"rendered":"\t\t<div data-elementor-type=\"wp-post\" data-elementor-id=\"1286\" class=\"elementor elementor-1286 elementor-11\" data-elementor-post-type=\"page\">\n\t\t\t\t<div class=\"elementor-element elementor-element-e7d8a17 e-flex e-con-boxed e-con e-parent\" data-id=\"e7d8a17\" data-element_type=\"container\" data-e-type=\"container\" data-settings=\"{&quot;background_background&quot;:&quot;classic&quot;}\">\n\t\t\t\t\t<div class=\"e-con-inner\">\n\t\t<div class=\"elementor-element elementor-element-e3d2d1f e-grid e-con-full e-con e-child\" data-id=\"e3d2d1f\" data-element_type=\"container\" data-e-type=\"container\">\n\t\t<div class=\"elementor-element elementor-element-1a2f523 e-con-full e-flex e-con e-child\" data-id=\"1a2f523\" data-element_type=\"container\" data-e-type=\"container\">\n\t\t\t\t<div class=\"elementor-element elementor-element-ced03c6 elementor-widget elementor-widget-text-editor\" data-id=\"ced03c6\" data-element_type=\"widget\" data-e-type=\"widget\" data-widget_type=\"text-editor.default\">\n\t\t\t\t<div class=\"elementor-widget-container\">\n\t\t\t\t\t\t\t\t\t<p>Le march\u00e9 du financement des entreprises a longtemps \u00e9t\u00e9 le domaine r\u00e9serv\u00e9 des grandes banques suisses. Aujourd\u2019hui, ce march\u00e9 vit une profonde mutation, d\u2019o\u00f9 \u00e9merge une nouvelle demande en solutions de financement bancaire. Gr\u00e2ce \u00e0 un nouveau business model innovant et au soutien ind\u00e9fectible de nos investisseurs, nous proposons des solutions sur mesure, pens\u00e9es pour cr\u00e9er de la valeur \u00e0 long terme, au b\u00e9n\u00e9fice des emprunteurs comme des investisseurs.  <\/p>\t\t\t\t\t\t\t\t<\/div>\n\t\t\t\t<\/div>\n\t\t\t\t<\/div>\n\t\t<div class=\"elementor-element elementor-element-371c67c e-con-full e-flex e-con e-child\" data-id=\"371c67c\" data-element_type=\"container\" data-e-type=\"container\">\n\t\t\t\t<div class=\"elementor-element elementor-element-2eaadba elementor-widget elementor-widget-video\" data-id=\"2eaadba\" data-element_type=\"widget\" data-e-type=\"widget\" data-settings=\"{&quot;show_image_overlay&quot;:&quot;yes&quot;,&quot;image_overlay&quot;:{&quot;url&quot;:&quot;&quot;,&quot;id&quot;:&quot;&quot;,&quot;size&quot;:&quot;&quot;,&quot;alt&quot;:&quot;&quot;,&quot;source&quot;:&quot;library&quot;},&quot;video_type&quot;:&quot;hosted&quot;,&quot;controls&quot;:&quot;yes&quot;}\" data-widget_type=\"video.default\">\n\t\t\t\t<div class=\"elementor-widget-container\">\n\t\t\t\t\t\t\t<div class=\"e-hosted-video elementor-wrapper elementor-open-inline\">\n\t\t\t\t\t<video class=\"elementor-video\" src=\"https:\/\/swisscreditpartners.com\/wp-content\/uploads\/2025\/05\/SCP-FR-1.mp4\" controls=\"\" preload=\"metadata\" controlsList=\"nodownload\"><\/video>\n\t\t\t\t<\/div>\n\t\t\t\t\t\t<\/div>\n\t\t\t\t<\/div>\n\t\t\t\t<\/div>\n\t\t\t\t<\/div>\n\t\t<div class=\"elementor-element elementor-element-5a2e9a8 e-con-full e-grid e-con e-child\" data-id=\"5a2e9a8\" data-element_type=\"container\" data-e-type=\"container\">\n\t\t<div class=\"elementor-element elementor-element-a202e1a e-con-full e-flex e-con e-child\" data-id=\"a202e1a\" data-element_type=\"container\" data-e-type=\"container\">\n\t\t\t\t<div class=\"elementor-element elementor-element-882e2ee elementor-widget elementor-widget-heading\" data-id=\"882e2ee\" data-element_type=\"widget\" data-e-type=\"widget\" data-widget_type=\"heading.default\">\n\t\t\t\t<div class=\"elementor-widget-container\">\n\t\t\t\t\t<p class=\"elementor-heading-title elementor-size-default\">Capital investisseur engag\u00e9 \u00e0 ce jour<\/p>\t\t\t\t<\/div>\n\t\t\t\t<\/div>\n\t\t\t\t<div class=\"elementor-element elementor-element-1e6a0c5 elementor-widget elementor-widget-counter\" data-id=\"1e6a0c5\" data-element_type=\"widget\" data-e-type=\"widget\" data-widget_type=\"counter.default\">\n\t\t\t\t<div class=\"elementor-widget-container\">\n\t\t\t\t\t\t\t<div class=\"elementor-counter\">\n\t\t\t\t\t\t<div class=\"elementor-counter-number-wrapper\">\n\t\t\t\t<span class=\"elementor-counter-number-prefix\">. <\/span>\n\t\t\t\t<span class=\"elementor-counter-number\" data-duration=\"4000\" data-to-value=\"1.2\" data-from-value=\"0.1\" data-delimiter=\",\">0.1<\/span>\n\t\t\t\t<span class=\"elementor-counter-number-suffix\"> milliard de CHF<\/span>\n\t\t\t<\/div>\n\t\t<\/div>\n\t\t\t\t\t\t<\/div>\n\t\t\t\t<\/div>\n\t\t\t\t<\/div>\n\t\t<div class=\"elementor-element elementor-element-f3f0307 e-con-full e-flex e-con e-child\" data-id=\"f3f0307\" data-element_type=\"container\" data-e-type=\"container\">\n\t\t\t\t<div class=\"elementor-element elementor-element-654387a elementor-widget elementor-widget-heading\" data-id=\"654387a\" data-element_type=\"widget\" data-e-type=\"widget\" data-widget_type=\"heading.default\">\n\t\t\t\t<div class=\"elementor-widget-container\">\n\t\t\t\t\t<p class=\"elementor-heading-title elementor-size-default\">Investisseurs strat\u00e9giques<\/p>\t\t\t\t<\/div>\n\t\t\t\t<\/div>\n\t\t<div class=\"elementor-element elementor-element-afb7fe7 e-grid e-con-full e-con e-child\" data-id=\"afb7fe7\" data-element_type=\"container\" data-e-type=\"container\" data-settings=\"{&quot;background_background&quot;:&quot;classic&quot;}\">\n\t\t\t\t<div class=\"elementor-element elementor-element-1df90d8 elementor-widget elementor-widget-image\" data-id=\"1df90d8\" data-element_type=\"widget\" data-e-type=\"widget\" data-widget_type=\"image.default\">\n\t\t\t\t<div class=\"elementor-widget-container\">\n\t\t\t\t\t\t\t\t\t\t\t\t\t\t\t<img fetchpriority=\"high\" decoding=\"async\" width=\"1123\" height=\"348\" src=\"https:\/\/swisscreditpartners.com\/wp-content\/uploads\/2025\/05\/SL-Logo_New.png\" class=\"attachment-full size-full wp-image-1275\" alt=\"\" srcset=\"https:\/\/swisscreditpartners.com\/wp-content\/uploads\/2025\/05\/SL-Logo_New.png 1123w, https:\/\/swisscreditpartners.com\/wp-content\/uploads\/2025\/05\/SL-Logo_New-300x93.png 300w, https:\/\/swisscreditpartners.com\/wp-content\/uploads\/2025\/05\/SL-Logo_New-1024x317.png 1024w, https:\/\/swisscreditpartners.com\/wp-content\/uploads\/2025\/05\/SL-Logo_New-768x238.png 768w\" sizes=\"(max-width: 1123px) 100vw, 1123px\" \/>\t\t\t\t\t\t\t\t\t\t\t\t\t\t\t<\/div>\n\t\t\t\t<\/div>\n\t\t\t\t<div class=\"elementor-element elementor-element-961f9a9 elementor-widget elementor-widget-image\" data-id=\"961f9a9\" data-element_type=\"widget\" data-e-type=\"widget\" data-widget_type=\"image.default\">\n\t\t\t\t<div class=\"elementor-widget-container\">\n\t\t\t\t\t\t\t\t\t\t\t\t\t\t\t<img decoding=\"async\" width=\"624\" height=\"162\" src=\"https:\/\/swisscreditpartners.com\/wp-content\/uploads\/2025\/05\/vaudoise.png\" class=\"attachment-full size-full wp-image-1533\" alt=\"\" srcset=\"https:\/\/swisscreditpartners.com\/wp-content\/uploads\/2025\/05\/vaudoise.png 624w, https:\/\/swisscreditpartners.com\/wp-content\/uploads\/2025\/05\/vaudoise-300x78.png 300w\" sizes=\"(max-width: 624px) 100vw, 624px\" \/>\t\t\t\t\t\t\t\t\t\t\t\t\t\t\t<\/div>\n\t\t\t\t<\/div>\n\t\t\t\t<\/div>\n\t\t\t\t<\/div>\n\t\t\t\t<\/div>\n\t\t\t\t\t<\/div>\n\t\t\t\t<\/div>\n\t\t<div class=\"elementor-element elementor-element-06d06c6 e-grid e-con-boxed e-con e-parent\" data-id=\"06d06c6\" data-element_type=\"container\" data-e-type=\"container\" id=\"mission\">\n\t\t\t\t\t<div class=\"e-con-inner\">\n\t\t<div class=\"elementor-element elementor-element-ec57f1b e-con-full e-flex e-con e-child\" data-id=\"ec57f1b\" data-element_type=\"container\" data-e-type=\"container\">\n\t\t\t\t<div class=\"elementor-element elementor-element-ae1bc77 elementor-widget__width-initial elementor-widget elementor-widget-heading\" data-id=\"ae1bc77\" data-element_type=\"widget\" data-e-type=\"widget\" data-widget_type=\"heading.default\">\n\t\t\t\t<div class=\"elementor-widget-container\">\n\t\t\t\t\t<h2 class=\"elementor-heading-title elementor-size-default\">Notre mission<\/h2>\t\t\t\t<\/div>\n\t\t\t\t<\/div>\n\t\t\t\t<div class=\"elementor-element elementor-element-daa2865 elementor-widget__width-initial elementor-widget elementor-widget-text-editor\" data-id=\"daa2865\" data-element_type=\"widget\" data-e-type=\"widget\" data-widget_type=\"text-editor.default\">\n\t\t\t\t<div class=\"elementor-widget-container\">\n\t\t\t\t\t\t\t\t\t<p>Nous aspirons \u00e0 devenir un partenaire de r\u00e9f\u00e9rence pour les solutions de financement, \u00e0 destination de moyennes et grandes entreprises suisses et de sponsors private equity.<\/p><p>Nous nous appuyons sur une solide expertise en financement d\u2019entreprise, notamment sur les march\u00e9s suisses et germanophones. Chaque entreprise \u00e9tant unique, nous nous engageons \u00e0 proposer des solutions et structures individuelles, afin d\u2019aider nos clients \u00e0 atteindre leurs objectifs financiers. Dans le m\u00eame temps, nous respectons un cadre de gestion des risques rigoureux, lequel garantit que nos activit\u00e9s de pr\u00eat restent toujours proportionn\u00e9es \u00e0 notre profil de risque cible.  <\/p><p>Forts des engagements de nos investisseurs strat\u00e9giques (1,2 milliard de CHF), nous cherchons constamment \u00e0 \u00e9largir notre base d\u2019investisseurs institutionnels et professionnels.<\/p>\t\t\t\t\t\t\t\t<\/div>\n\t\t\t\t<\/div>\n\t\t\t\t<\/div>\n\t\t\t\t<div class=\"elementor-element elementor-element-6e95b83 elementor-widget elementor-widget-image\" data-id=\"6e95b83\" data-element_type=\"widget\" data-e-type=\"widget\" data-widget_type=\"image.default\">\n\t\t\t\t<div class=\"elementor-widget-container\">\n\t\t\t\t\t\t\t\t\t\t\t\t\t\t\t<img decoding=\"async\" width=\"800\" height=\"790\" src=\"https:\/\/swisscreditpartners.com\/wp-content\/uploads\/2025\/04\/business-mode-swiss-credit-partners-1024x1011.png\" class=\"attachment-large size-large wp-image-1243\" alt=\"\" srcset=\"https:\/\/swisscreditpartners.com\/wp-content\/uploads\/2025\/04\/business-mode-swiss-credit-partners-1024x1011.png 1024w, https:\/\/swisscreditpartners.com\/wp-content\/uploads\/2025\/04\/business-mode-swiss-credit-partners-300x296.png 300w, https:\/\/swisscreditpartners.com\/wp-content\/uploads\/2025\/04\/business-mode-swiss-credit-partners-768x758.png 768w, https:\/\/swisscreditpartners.com\/wp-content\/uploads\/2025\/04\/business-mode-swiss-credit-partners.png 1506w\" sizes=\"(max-width: 800px) 100vw, 800px\" \/>\t\t\t\t\t\t\t\t\t\t\t\t\t\t\t<\/div>\n\t\t\t\t<\/div>\n\t\t\t\t\t<\/div>\n\t\t\t\t<\/div>\n\t\t<div class=\"elementor-element elementor-element-595dde0 e-grid e-con-boxed e-con e-parent\" data-id=\"595dde0\" data-element_type=\"container\" data-e-type=\"container\" id=\"esg\" data-settings=\"{&quot;background_background&quot;:&quot;classic&quot;}\">\n\t\t\t\t\t<div class=\"e-con-inner\">\n\t\t<div class=\"elementor-element elementor-element-431e104 e-con-full e-flex e-con e-child\" data-id=\"431e104\" data-element_type=\"container\" data-e-type=\"container\">\n\t\t\t\t<div class=\"elementor-element elementor-element-0abf6be elementor-widget elementor-widget-heading\" data-id=\"0abf6be\" data-element_type=\"widget\" data-e-type=\"widget\" data-widget_type=\"heading.default\">\n\t\t\t\t<div class=\"elementor-widget-container\">\n\t\t\t\t\t<h2 class=\"elementor-heading-title elementor-size-default\">ESG<\/h2>\t\t\t\t<\/div>\n\t\t\t\t<\/div>\n\t\t\t\t<div class=\"elementor-element elementor-element-849fed1 elementor-widget__width-initial elementor-widget elementor-widget-text-editor\" data-id=\"849fed1\" data-element_type=\"widget\" data-e-type=\"widget\" data-widget_type=\"text-editor.default\">\n\t\t\t\t<div class=\"elementor-widget-container\">\n\t\t\t\t\t\t\t\t\t<p>Chez Swiss Credit Partners, notre strat\u00e9gie d\u2019investissement repose sur une vision \u00e0 long terme, durable, o\u00f9 l\u2019investissement responsable est au c\u0153ur de notre d\u00e9marche. Cela nous permet de g\u00e9n\u00e9rer une valeur p\u00e9renne tout en g\u00e9rant prudemment les risques ESG.<\/p><p>Les crit\u00e8res Environnementaux, Sociaux et de Gouvernance (ESG) sont int\u00e9gr\u00e9s de mani\u00e8re syst\u00e9matique dans notre processus d\u2019investissement, constituant une composante essentielle de notre analyse de cr\u00e9dit. Nous appliquons des crit\u00e8res ESG pr\u00e9d\u00e9finis \u00e0 chaque opportunit\u00e9 de placements, en ne retenant que les transactions pr\u00e9sentant au minimum une cote de risque ESG mod\u00e9r\u00e9e. Nos d\u00e9cisions sont guid\u00e9es par la SASB Materiality Map et chaque placement fait l\u2019objet d\u2019une \u00e9valuation ESG approfondie, conform\u00e9ment \u00e0 notre due diligence.   <\/p><p>Notre engagement en mati\u00e8re de durabilit\u00e9 se traduit \u00e9galement par un suivi en continu et de comptes-rendus ESG transparents, gages d\u2019une authentique responsabilit\u00e9 \u00e0 l\u2019\u00e9gard de nos investisseurs et partenaires. <\/p>\t\t\t\t\t\t\t\t<\/div>\n\t\t\t\t<\/div>\n\t\t\t\t<\/div>\n\t\t<div class=\"elementor-element elementor-element-e9aabe1 e-con-full e-flex e-con e-child\" data-id=\"e9aabe1\" data-element_type=\"container\" data-e-type=\"container\">\n\t\t\t\t<div class=\"elementor-element elementor-element-4f012f6 elementor-widget elementor-widget-image\" data-id=\"4f012f6\" data-element_type=\"widget\" data-e-type=\"widget\" data-widget_type=\"image.default\">\n\t\t\t\t<div class=\"elementor-widget-container\">\n\t\t\t\t\t\t\t\t\t\t\t\t\t\t\t<img loading=\"lazy\" decoding=\"async\" width=\"590\" height=\"555\" src=\"https:\/\/swisscreditpartners.com\/wp-content\/uploads\/2025\/04\/Rectangle-5-e1745408199342.jpg\" class=\"attachment-large size-large wp-image-1169\" alt=\"\" srcset=\"https:\/\/swisscreditpartners.com\/wp-content\/uploads\/2025\/04\/Rectangle-5-e1745408199342.jpg 590w, https:\/\/swisscreditpartners.com\/wp-content\/uploads\/2025\/04\/Rectangle-5-e1745408199342-300x282.jpg 300w\" sizes=\"(max-width: 590px) 100vw, 590px\" \/>\t\t\t\t\t\t\t\t\t\t\t\t\t\t\t<\/div>\n\t\t\t\t<\/div>\n\t\t\t\t<\/div>\n\t\t\t\t\t<\/div>\n\t\t\t\t<\/div>\n\t\t\t\t<\/div>\n\t\t","protected":false},"excerpt":{"rendered":"<p>Le march\u00e9 du financement des entreprises a longtemps \u00e9t\u00e9 le domaine r\u00e9serv\u00e9 des grandes banques suisses. Aujourd\u2019hui, ce march\u00e9 vit une profonde mutation, d\u2019o\u00f9 \u00e9merge une nouvelle demande en solutions de financement bancaire. Gr\u00e2ce \u00e0 un nouveau business model innovant et au soutien ind\u00e9fectible de nos investisseurs, nous proposons des solutions sur mesure, pens\u00e9es pour [&hellip;]<\/p>\n","protected":false},"author":1,"featured_media":0,"parent":0,"menu_order":0,"comment_status":"closed","ping_status":"closed","template":"","meta":{"_acf_changed":false,"footnotes":""},"class_list":["post-1286","page","type-page","status-publish","hentry"],"acf":[],"aioseo_notices":[],"_links":{"self":[{"href":"https:\/\/swisscreditpartners.com\/fr\/wp-json\/wp\/v2\/pages\/1286","targetHints":{"allow":["GET"]}}],"collection":[{"href":"https:\/\/swisscreditpartners.com\/fr\/wp-json\/wp\/v2\/pages"}],"about":[{"href":"https:\/\/swisscreditpartners.com\/fr\/wp-json\/wp\/v2\/types\/page"}],"author":[{"embeddable":true,"href":"https:\/\/swisscreditpartners.com\/fr\/wp-json\/wp\/v2\/users\/1"}],"replies":[{"embeddable":true,"href":"https:\/\/swisscreditpartners.com\/fr\/wp-json\/wp\/v2\/comments?post=1286"}],"version-history":[{"count":58,"href":"https:\/\/swisscreditpartners.com\/fr\/wp-json\/wp\/v2\/pages\/1286\/revisions"}],"predecessor-version":[{"id":2055,"href":"https:\/\/swisscreditpartners.com\/fr\/wp-json\/wp\/v2\/pages\/1286\/revisions\/2055"}],"wp:attachment":[{"href":"https:\/\/swisscreditpartners.com\/fr\/wp-json\/wp\/v2\/media?parent=1286"}],"curies":[{"name":"wp","href":"https:\/\/api.w.org\/{rel}","templated":true}]}}