{"id":1331,"date":"2025-04-17T11:49:57","date_gmt":"2025-04-17T09:49:57","guid":{"rendered":"https:\/\/swisscreditpartners.codexo.ch\/pour-les-investisseurs-institutionnels-et-professionnels"},"modified":"2025-08-11T11:28:31","modified_gmt":"2025-08-11T09:28:31","slug":"pour-les-investisseurs-institutionnels-et-professionnels","status":"publish","type":"page","link":"https:\/\/swisscreditpartners.com\/fr\/pour-les-investisseurs-institutionnels-et-professionnels\/","title":{"rendered":"Pour les investisseurs institutionnels et professionnels"},"content":{"rendered":"\t\t<div data-elementor-type=\"wp-page\" data-elementor-id=\"1331\" class=\"elementor elementor-1331 elementor-162\" data-elementor-post-type=\"page\">\n\t\t\t\t<div class=\"elementor-element elementor-element-207c7a0 e-flex e-con-boxed e-con e-parent\" data-id=\"207c7a0\" data-element_type=\"container\" data-e-type=\"container\">\n\t\t\t\t\t<div class=\"e-con-inner\">\n\t\t<div class=\"elementor-element elementor-element-2280030 e-grid e-con-full e-con e-child\" data-id=\"2280030\" data-element_type=\"container\" data-e-type=\"container\">\n\t\t<div class=\"elementor-element elementor-element-0502120 e-con-full e-flex e-con e-child\" data-id=\"0502120\" data-element_type=\"container\" data-e-type=\"container\">\n\t\t\t\t<div class=\"elementor-element elementor-element-81660ad elementor-widget elementor-widget-heading\" data-id=\"81660ad\" data-element_type=\"widget\" data-e-type=\"widget\" data-widget_type=\"heading.default\">\n\t\t\t\t<div class=\"elementor-widget-container\">\n\t\t\t\t\t<h1 class=\"elementor-heading-title elementor-size-default\">Pour les investisseurs institutionnels et professionnels<\/h1>\t\t\t\t<\/div>\n\t\t\t\t<\/div>\n\t\t\t\t<div class=\"elementor-element elementor-element-219da80 elementor-widget elementor-widget-text-editor\" data-id=\"219da80\" data-element_type=\"widget\" data-e-type=\"widget\" data-widget_type=\"text-editor.default\">\n\t\t\t\t<div class=\"elementor-widget-container\">\n\t\t\t\t\t\t\t\t\t<p>Swiss Credit Partners est un gestionnaire de placements collectifs agr\u00e9\u00e9 par la FINMA. Nous proposons aux investisseurs professionnels et institutionnels une opportunit\u00e9 alternative unique d\u2019investissement \u00e0 revenu fixe, dans des pr\u00eats d\u2019entreprises principalement suisses, par le biais de notre fonds ouvert SCP Senior Loan Fund.  <\/p><p>Forts de notre exp\u00e9rience, de notre ancrage dans le secteur bancaire suisse et en tant que gestionnaire d\u2019actifs de SCP Senior Loan Fund, nous identifions et analysons les besoins de financement des entreprises principalement en Suisse, en appliquant un cadre strict de gestion des risques. Nous structurons les pr\u00eats, n\u00e9gocions les conditions, pr\u00e9parons les documents n\u00e9cessaires et assurons la gestion administrative r\u00e9guli\u00e8re des placements. <\/p><p>Tout au long de la dur\u00e9e du pr\u00eat, nous maintenons un contact \u00e9troit avec les emprunteurs, tout en entretenant une relation de proximit\u00e9 avec nos investisseurs, via une gestion active du portefeuille et une communication transparente et personnalis\u00e9e. <\/p>\t\t\t\t\t\t\t\t<\/div>\n\t\t\t\t<\/div>\n\t\t\t\t<\/div>\n\t\t\t\t<\/div>\n\t\t<div class=\"elementor-element elementor-element-2304864 e-con-full e-grid e-con e-child\" data-id=\"2304864\" data-element_type=\"container\" data-e-type=\"container\">\n\t\t<div class=\"elementor-element elementor-element-2e6dc51 e-con-full e-flex e-con e-child\" data-id=\"2e6dc51\" data-element_type=\"container\" data-e-type=\"container\">\n\t\t\t\t<div class=\"elementor-element elementor-element-8e1596f elementor-widget elementor-widget-heading\" data-id=\"8e1596f\" data-element_type=\"widget\" data-e-type=\"widget\" data-widget_type=\"heading.default\">\n\t\t\t\t<div class=\"elementor-widget-container\">\n\t\t\t\t\t<h2 class=\"elementor-heading-title elementor-size-default\">Ce qu\u2019en disent nos investisseurs strat\u00e9giques<\/h2>\t\t\t\t<\/div>\n\t\t\t\t<\/div>\n\t\t<div class=\"elementor-element elementor-element-14af6d6 e-grid e-con-full e-con e-child\" data-id=\"14af6d6\" data-element_type=\"container\" data-e-type=\"container\" data-settings=\"{&quot;background_background&quot;:&quot;classic&quot;}\">\n\t\t<div class=\"elementor-element elementor-element-0cde8c0 e-con-full e-flex e-con e-child\" data-id=\"0cde8c0\" data-element_type=\"container\" data-e-type=\"container\" data-settings=\"{&quot;background_background&quot;:&quot;classic&quot;}\">\n\t\t\t\t<div class=\"elementor-element elementor-element-25139ea elementor-widget elementor-widget-text-editor\" data-id=\"25139ea\" data-element_type=\"widget\" data-e-type=\"widget\" data-widget_type=\"text-editor.default\">\n\t\t\t\t<div class=\"elementor-widget-container\">\n\t\t\t\t\t\t\t\t\t<p><i>\u00ab\u00a0Nous nous r\u00e9jouissons de collaborer avec Swiss Credit Partners et la Vaudoise Assurances. Cela nous permet d\u2019acc\u00e9der \u00e0 d\u2019autres possibilit\u00e9s de placement int\u00e9ressantes pour nos personnes assur\u00e9es. En outre, cette initiative \u00e9largit l\u2019offre de financements, ce qui contribue \u00e0 renforcer la place \u00e9conomique suisse.\u00a0\u00bb<\/i><\/p><p>Per Erikson, Group Chief Investment Officer Swiss Life.<\/p>\t\t\t\t\t\t\t\t<\/div>\n\t\t\t\t<\/div>\n\t\t\t\t<div class=\"elementor-element elementor-element-55d48de elementor-widget elementor-widget-image\" data-id=\"55d48de\" data-element_type=\"widget\" data-e-type=\"widget\" data-widget_type=\"image.default\">\n\t\t\t\t<div class=\"elementor-widget-container\">\n\t\t\t\t\t\t\t\t\t\t\t\t\t\t\t<img fetchpriority=\"high\" decoding=\"async\" width=\"1123\" height=\"348\" src=\"https:\/\/swisscreditpartners.com\/wp-content\/uploads\/2025\/05\/SL-Logo.png\" class=\"attachment-full size-full wp-image-1269\" alt=\"\" srcset=\"https:\/\/swisscreditpartners.com\/wp-content\/uploads\/2025\/05\/SL-Logo.png 1123w, https:\/\/swisscreditpartners.com\/wp-content\/uploads\/2025\/05\/SL-Logo-300x93.png 300w, https:\/\/swisscreditpartners.com\/wp-content\/uploads\/2025\/05\/SL-Logo-1024x317.png 1024w, https:\/\/swisscreditpartners.com\/wp-content\/uploads\/2025\/05\/SL-Logo-768x238.png 768w\" sizes=\"(max-width: 1123px) 100vw, 1123px\" title=\"SL-Logo - Swiss Credit Partners\" \/>\t\t\t\t\t\t\t\t\t\t\t\t\t\t\t<\/div>\n\t\t\t\t<\/div>\n\t\t\t\t<\/div>\n\t\t<div class=\"elementor-element elementor-element-017f803 e-con-full e-flex e-con e-child\" data-id=\"017f803\" data-element_type=\"container\" data-e-type=\"container\" data-settings=\"{&quot;background_background&quot;:&quot;classic&quot;}\">\n\t\t\t\t<div class=\"elementor-element elementor-element-5bb8ca5 elementor-widget elementor-widget-text-editor\" data-id=\"5bb8ca5\" data-element_type=\"widget\" data-e-type=\"widget\" data-widget_type=\"text-editor.default\">\n\t\t\t\t<div class=\"elementor-widget-container\">\n\t\t\t\t\t\t\t\t\t<p><em>\u00ab\u00a0Nous sommes ravis de collaborer avec Swiss Credit Partners et Swiss Life pour apporter cette contribution importante au renforcement de la place financi\u00e8re suisse avec une offre qui r\u00e9pond parfaitement aux besoins d&rsquo;investissement de la Vaudoise.\u00a0\u00bb<\/em><\/p><p>Reto Kuhn, Chief Investment Officer Vaudoise Assurances.<\/p>\t\t\t\t\t\t\t\t<\/div>\n\t\t\t\t<\/div>\n\t\t\t\t<div class=\"elementor-element elementor-element-765dde3 elementor-widget elementor-widget-image\" data-id=\"765dde3\" data-element_type=\"widget\" data-e-type=\"widget\" data-widget_type=\"image.default\">\n\t\t\t\t<div class=\"elementor-widget-container\">\n\t\t\t\t\t\t\t\t\t\t\t\t\t\t\t<img decoding=\"async\" width=\"624\" height=\"162\" src=\"https:\/\/swisscreditpartners.com\/wp-content\/uploads\/2025\/05\/vaudoise.png\" class=\"attachment-full size-full wp-image-1533\" alt=\"\" srcset=\"https:\/\/swisscreditpartners.com\/wp-content\/uploads\/2025\/05\/vaudoise.png 624w, https:\/\/swisscreditpartners.com\/wp-content\/uploads\/2025\/05\/vaudoise-300x78.png 300w\" sizes=\"(max-width: 624px) 100vw, 624px\" title=\"vaudoise - Swiss Credit Partners\" \/>\t\t\t\t\t\t\t\t\t\t\t\t\t\t\t<\/div>\n\t\t\t\t<\/div>\n\t\t\t\t<\/div>\n\t\t\t\t<\/div>\n\t\t\t\t<\/div>\n\t\t\t\t<\/div>\n\t\t\t\t\t<\/div>\n\t\t\t\t<\/div>\n\t\t<div class=\"elementor-element elementor-element-9c38d15 e-grid e-con-boxed e-con e-parent\" data-id=\"9c38d15\" data-element_type=\"container\" data-e-type=\"container\" data-settings=\"{&quot;background_background&quot;:&quot;classic&quot;}\">\n\t\t\t\t\t<div class=\"e-con-inner\">\n\t\t<div class=\"elementor-element elementor-element-fcedd2c e-flex e-con-boxed e-con e-child\" data-id=\"fcedd2c\" data-element_type=\"container\" data-e-type=\"container\" data-settings=\"{&quot;background_background&quot;:&quot;classic&quot;}\">\n\t\t\t\t\t<div class=\"e-con-inner\">\n\t\t\t\t<div class=\"elementor-element elementor-element-dba5c0e elementor-widget elementor-widget-text-editor\" data-id=\"dba5c0e\" data-element_type=\"widget\" data-e-type=\"widget\" data-widget_type=\"text-editor.default\">\n\t\t\t\t<div class=\"elementor-widget-container\">\n\t\t\t\t\t\t\t\t\t<p>Forts du soutien ind\u00e9fectible de nos investisseurs strat\u00e9giques, nous cherchons constamment \u00e0 \u00e9largir notre base d\u2019investisseurs institutionnels et professionnels. Pour plus d&rsquo;informations, n&rsquo;h\u00e9sitez pas \u00e0 nous contacter.<\/p>\t\t\t\t\t\t\t\t<\/div>\n\t\t\t\t<\/div>\n\t\t\t\t<div class=\"elementor-element elementor-element-53f03fb elementor-widget elementor-widget-button\" data-id=\"53f03fb\" data-element_type=\"widget\" data-e-type=\"widget\" data-widget_type=\"button.default\">\n\t\t\t\t<div class=\"elementor-widget-container\">\n\t\t\t\t\t\t\t\t\t<div class=\"elementor-button-wrapper\">\n\t\t\t\t\t<a class=\"elementor-button elementor-button-link elementor-size-sm\" href=\"https:\/\/swisscreditpartners.com\/fr\/contact\/\">\n\t\t\t\t\t\t<span class=\"elementor-button-content-wrapper\">\n\t\t\t\t\t\t\t\t\t<span class=\"elementor-button-text\">Contactez-nous<\/span>\n\t\t\t\t\t<\/span>\n\t\t\t\t\t<\/a>\n\t\t\t\t<\/div>\n\t\t\t\t\t\t\t\t<\/div>\n\t\t\t\t<\/div>\n\t\t\t\t\t<\/div>\n\t\t\t\t<\/div>\n\t\t<div class=\"elementor-element elementor-element-b8235a6 e-con-full e-flex e-con e-child\" data-id=\"b8235a6\" data-element_type=\"container\" data-e-type=\"container\">\n\t\t\t\t<div class=\"elementor-element elementor-element-53554b7 elementor-widget elementor-widget-image\" data-id=\"53554b7\" data-element_type=\"widget\" data-e-type=\"widget\" data-widget_type=\"image.default\">\n\t\t\t\t<div class=\"elementor-widget-container\">\n\t\t\t\t\t\t\t\t\t\t\t\t\t\t\t<img decoding=\"async\" width=\"2560\" height=\"1438\" src=\"https:\/\/swisscreditpartners.com\/wp-content\/uploads\/2025\/04\/data-analyst-working-business-analytics-dashboard-with-charts-with-kpi-metrics-connected-database-technology-finance-operations-sales-marketing-scaled-e1745941102426.jpg\" class=\"attachment-full size-full wp-image-1251\" alt=\"\" srcset=\"https:\/\/swisscreditpartners.com\/wp-content\/uploads\/2025\/04\/data-analyst-working-business-analytics-dashboard-with-charts-with-kpi-metrics-connected-database-technology-finance-operations-sales-marketing-scaled-e1745941102426.jpg 2560w, https:\/\/swisscreditpartners.com\/wp-content\/uploads\/2025\/04\/data-analyst-working-business-analytics-dashboard-with-charts-with-kpi-metrics-connected-database-technology-finance-operations-sales-marketing-scaled-e1745941102426-300x169.jpg 300w, https:\/\/swisscreditpartners.com\/wp-content\/uploads\/2025\/04\/data-analyst-working-business-analytics-dashboard-with-charts-with-kpi-metrics-connected-database-technology-finance-operations-sales-marketing-scaled-e1745941102426-1024x575.jpg 1024w, https:\/\/swisscreditpartners.com\/wp-content\/uploads\/2025\/04\/data-analyst-working-business-analytics-dashboard-with-charts-with-kpi-metrics-connected-database-technology-finance-operations-sales-marketing-scaled-e1745941102426-768x431.jpg 768w, https:\/\/swisscreditpartners.com\/wp-content\/uploads\/2025\/04\/data-analyst-working-business-analytics-dashboard-with-charts-with-kpi-metrics-connected-database-technology-finance-operations-sales-marketing-scaled-e1745941102426-1536x863.jpg 1536w, https:\/\/swisscreditpartners.com\/wp-content\/uploads\/2025\/04\/data-analyst-working-business-analytics-dashboard-with-charts-with-kpi-metrics-connected-database-technology-finance-operations-sales-marketing-scaled-e1745941102426-2048x1150.jpg 2048w\" sizes=\"(max-width: 2560px) 100vw, 2560px\" title=\"data-analyst-working-business-analytics-dashboard-with-charts-with-kpi-metrics-connected-database-technology-finance-operations-sales-marketing - Swiss Credit Partners\" \/>\t\t\t\t\t\t\t\t\t\t\t\t\t\t\t<\/div>\n\t\t\t\t<\/div>\n\t\t\t\t<\/div>\n\t\t\t\t\t<\/div>\n\t\t\t\t<\/div>\n\t\t\t\t<\/div>\n\t\t","protected":false},"excerpt":{"rendered":"<p>Pour les investisseurs institutionnels et professionnels Swiss Credit Partners est un gestionnaire de placements collectifs agr\u00e9\u00e9 par la FINMA. Nous proposons aux investisseurs professionnels et institutionnels une opportunit\u00e9 alternative unique d\u2019investissement \u00e0 revenu fixe, dans des pr\u00eats d\u2019entreprises principalement suisses, par le biais de notre fonds ouvert SCP Senior Loan Fund. Forts de notre exp\u00e9rience, [&hellip;]<\/p>\n","protected":false},"author":1,"featured_media":0,"parent":0,"menu_order":0,"comment_status":"closed","ping_status":"closed","template":"","meta":{"_acf_changed":false,"footnotes":""},"class_list":["post-1331","page","type-page","status-publish","hentry"],"acf":[],"aioseo_notices":[],"_links":{"self":[{"href":"https:\/\/swisscreditpartners.com\/fr\/wp-json\/wp\/v2\/pages\/1331","targetHints":{"allow":["GET"]}}],"collection":[{"href":"https:\/\/swisscreditpartners.com\/fr\/wp-json\/wp\/v2\/pages"}],"about":[{"href":"https:\/\/swisscreditpartners.com\/fr\/wp-json\/wp\/v2\/types\/page"}],"author":[{"embeddable":true,"href":"https:\/\/swisscreditpartners.com\/fr\/wp-json\/wp\/v2\/users\/1"}],"replies":[{"embeddable":true,"href":"https:\/\/swisscreditpartners.com\/fr\/wp-json\/wp\/v2\/comments?post=1331"}],"version-history":[{"count":16,"href":"https:\/\/swisscreditpartners.com\/fr\/wp-json\/wp\/v2\/pages\/1331\/revisions"}],"predecessor-version":[{"id":2068,"href":"https:\/\/swisscreditpartners.com\/fr\/wp-json\/wp\/v2\/pages\/1331\/revisions\/2068"}],"wp:attachment":[{"href":"https:\/\/swisscreditpartners.com\/fr\/wp-json\/wp\/v2\/media?parent=1331"}],"curies":[{"name":"wp","href":"https:\/\/api.w.org\/{rel}","templated":true}]}}