{"id":1345,"date":"2025-04-15T14:10:14","date_gmt":"2025-04-15T12:10:14","guid":{"rendered":"https:\/\/swisscreditpartners.codexo.ch\/impression"},"modified":"2025-05-19T16:07:35","modified_gmt":"2025-05-19T14:07:35","slug":"impression","status":"publish","type":"page","link":"https:\/\/swisscreditpartners.com\/fr\/impression\/","title":{"rendered":"Impression"},"content":{"rendered":"\t\t<div data-elementor-type=\"wp-page\" data-elementor-id=\"1345\" class=\"elementor elementor-1345 elementor-38\" data-elementor-post-type=\"page\">\n\t\t\t\t<div class=\"elementor-element elementor-element-ab949af e-flex e-con-boxed e-con e-parent\" data-id=\"ab949af\" data-element_type=\"container\" data-e-type=\"container\">\n\t\t\t\t\t<div class=\"e-con-inner\">\n\t\t\t\t<div class=\"elementor-element elementor-element-e27d96e elementor-widget elementor-widget-heading\" data-id=\"e27d96e\" data-element_type=\"widget\" data-e-type=\"widget\" data-widget_type=\"heading.default\">\n\t\t\t\t<div class=\"elementor-widget-container\">\n\t\t\t\t\t<h1 class=\"elementor-heading-title elementor-size-default\">Impression<\/h1>\t\t\t\t<\/div>\n\t\t\t\t<\/div>\n\t\t\t\t\t<\/div>\n\t\t\t\t<\/div>\n\t\t<div class=\"elementor-element elementor-element-39baa6d7 e-flex e-con-boxed e-con e-parent\" data-id=\"39baa6d7\" data-element_type=\"container\" data-e-type=\"container\">\n\t\t\t\t\t<div class=\"e-con-inner\">\n\t\t\t\t<div class=\"elementor-element elementor-element-20ff0603 elementor-widget elementor-widget-text-editor\" data-id=\"20ff0603\" data-element_type=\"widget\" data-e-type=\"widget\" data-widget_type=\"text-editor.default\">\n\t\t\t\t<div class=\"elementor-widget-container\">\n\t\t\t\t\t\t\t\t\t\n<p>Swiss Credit Partners AG<br>Kalanderplatz 5<br>8045 Z\u00fcrich<\/p>\n\n<p>T\u00e9l\u00e9phone : +41 43 283 63 10 +41 43 283 63 10<br>E-mail : info@swisscreditpartners.com<\/p>\n\n<p>UID : CHE-479.150.765<\/p>\n\t\t\t\t\t\t\t\t<\/div>\n\t\t\t\t<\/div>\n\t\t\t\t\t<\/div>\n\t\t\t\t<\/div>\n\t\t\t\t<\/div>\n\t\t","protected":false},"excerpt":{"rendered":"<p>Impression Swiss Credit Partners AGKalanderplatz 58045 Z\u00fcrich T\u00e9l\u00e9phone : +41 43 283 63 10 +41 43 283 63 10E-mail : info@swisscreditpartners.com UID : CHE-479.150.765<\/p>\n","protected":false},"author":1,"featured_media":0,"parent":0,"menu_order":0,"comment_status":"closed","ping_status":"closed","template":"","meta":{"_acf_changed":false,"footnotes":""},"class_list":["post-1345","page","type-page","status-publish","hentry"],"acf":[],"aioseo_notices":[],"_links":{"self":[{"href":"https:\/\/swisscreditpartners.com\/fr\/wp-json\/wp\/v2\/pages\/1345","targetHints":{"allow":["GET"]}}],"collection":[{"href":"https:\/\/swisscreditpartners.com\/fr\/wp-json\/wp\/v2\/pages"}],"about":[{"href":"https:\/\/swisscreditpartners.com\/fr\/wp-json\/wp\/v2\/types\/page"}],"author":[{"embeddable":true,"href":"https:\/\/swisscreditpartners.com\/fr\/wp-json\/wp\/v2\/users\/1"}],"replies":[{"embeddable":true,"href":"https:\/\/swisscreditpartners.com\/fr\/wp-json\/wp\/v2\/comments?post=1345"}],"version-history":[{"count":7,"href":"https:\/\/swisscreditpartners.com\/fr\/wp-json\/wp\/v2\/pages\/1345\/revisions"}],"predecessor-version":[{"id":1374,"href":"https:\/\/swisscreditpartners.com\/fr\/wp-json\/wp\/v2\/pages\/1345\/revisions\/1374"}],"wp:attachment":[{"href":"https:\/\/swisscreditpartners.com\/fr\/wp-json\/wp\/v2\/media?parent=1345"}],"curies":[{"name":"wp","href":"https:\/\/api.w.org\/{rel}","templated":true}]}}